{"id":73988,"date":"2025-06-05T13:33:06","date_gmt":"2025-06-05T12:33:06","guid":{"rendered":"https:\/\/www.cosmonatura.shop\/data-protection-and-privacy-policy\/"},"modified":"2025-06-05T13:33:07","modified_gmt":"2025-06-05T12:33:07","slug":"data-protection-and-privacy-policy","status":"publish","type":"page","link":"https:\/\/relaxed-poincare.168-119-193-199.plesk.page\/en\/data-protection-and-privacy-policy\/","title":{"rendered":"Data protection and privacy policy"},"content":{"rendered":"<p>[vc_row][vc_column][vc_column_text css=&#8221;.vc_custom_1707122029567{margin-bottom: 0px !important;}&#8221;]<\/p>\n<p>\nResponsable: <span class=\"ui-provider a b c d e f g h i j k l m n o p q r s t u v w x y z ab ac ae af ag ah ai aj ak\" dir=\"ltr\"><strong>C<\/strong><\/span><span class=\"ui-provider a b c d e f g h i j k l m n o p q r s t u v w x y z ab ac ae af ag ah ai aj ak\" dir=\"ltr\"><strong>osmonatura, S.L<\/strong><\/span>., con NIF <span class=\"ui-provider a b c d e f g h i j k l m n o p q r s t u v w x y z ab ac ae af ag ah ai aj ak\" dir=\"ltr\">B-63361612<\/span> y con domicilio en <span class=\"ui-provider a b c d e f g h i j k l m n o p q r s t u v w x y z ab ac ae af ag ah ai aj ak\" dir=\"ltr\">Plaza Blas Infante 7<\/span>,<span class=\"ui-provider a b c d e f g h i j k l m n o p q r s t u v w x y z ab ac ae af ag ah ai aj ak\" dir=\"ltr\">08904 Hospitalet de Llobregat, Barcelona<\/span>\u00a0(SPAIN). Finalidad: env\u00edo de mis publicaciones as\u00ed como correos comerciales. La Legitimaci\u00f3n; es gracias a tu consentimiento. Destinatarios: Tus datos se encuentran alojados en mis plataformas de email marketing Sendinblue \/ Email.EresMarketing suscrita al PrivacyShield. Podr\u00e1s ejercer Tus Derechos de Acceso, Rectificaci\u00f3n, Limitaci\u00f3n o Suprimir tus datos. Encontrar\u00e1 m\u00e1s informaci\u00f3n en nuestra <a href=\"https:\/\/relaxed-poincare.168-119-193-199.plesk.page\/aviso-legal\/\">Pol\u00edtica de privacidad<\/a>\n<p>&nbsp;<\/p>\n<p>[\/vc_column_text][\/vc_column][\/vc_row]<\/p>\n","protected":false},"excerpt":{"rendered":"<p>[vc_row][vc_column][vc_column_text css=&#8221;.vc_custom_1707122029567{margin-bottom: 0px !important;}&#8221;] Responsable: Cosmonatura, S.L., con NIF B-63361612 y con domicilio en Plaza Blas Infante 7,08904 Hospitalet de Llobregat, Barcelona\u00a0(SPAIN). Finalidad: env\u00edo de mis publicaciones as\u00ed como correos comerciales. La Legitimaci\u00f3n; es gracias a tu consentimiento. Destinatarios: Tus datos se encuentran alojados en mis plataformas de email marketing Sendinblue \/ Email.EresMarketing suscrita al [&hellip;]<\/p>\n","protected":false},"author":3666,"featured_media":0,"parent":0,"menu_order":0,"comment_status":"closed","ping_status":"closed","template":"","meta":{"_gspb_post_css":"","footnotes":""},"class_list":["post-73988","page","type-page","status-publish","hentry"],"blocksy_meta":[],"_links":{"self":[{"href":"https:\/\/relaxed-poincare.168-119-193-199.plesk.page\/en\/wp-json\/wp\/v2\/pages\/73988","targetHints":{"allow":["GET"]}}],"collection":[{"href":"https:\/\/relaxed-poincare.168-119-193-199.plesk.page\/en\/wp-json\/wp\/v2\/pages"}],"about":[{"href":"https:\/\/relaxed-poincare.168-119-193-199.plesk.page\/en\/wp-json\/wp\/v2\/types\/page"}],"author":[{"embeddable":true,"href":"https:\/\/relaxed-poincare.168-119-193-199.plesk.page\/en\/wp-json\/wp\/v2\/users\/3666"}],"replies":[{"embeddable":true,"href":"https:\/\/relaxed-poincare.168-119-193-199.plesk.page\/en\/wp-json\/wp\/v2\/comments?post=73988"}],"version-history":[{"count":1,"href":"https:\/\/relaxed-poincare.168-119-193-199.plesk.page\/en\/wp-json\/wp\/v2\/pages\/73988\/revisions"}],"predecessor-version":[{"id":73990,"href":"https:\/\/relaxed-poincare.168-119-193-199.plesk.page\/en\/wp-json\/wp\/v2\/pages\/73988\/revisions\/73990"}],"wp:attachment":[{"href":"https:\/\/relaxed-poincare.168-119-193-199.plesk.page\/en\/wp-json\/wp\/v2\/media?parent=73988"}],"curies":[{"name":"wp","href":"https:\/\/api.w.org\/{rel}","templated":true}]}}