{"id":90730,"date":"2026-04-17T01:02:09","date_gmt":"2026-04-17T00:02:09","guid":{"rendered":"https:\/\/relaxed-poincare.168-119-193-199.plesk.page\/?post_type=product&#038;p=90730"},"modified":"2026-04-17T01:02:12","modified_gmt":"2026-04-17T00:02:12","slug":"crema-de-manos-y-unas-con-aloe-vera-y-baba-de-caracol","status":"publish","type":"product","link":"https:\/\/relaxed-poincare.168-119-193-199.plesk.page\/en\/productos\/crema-de-manos-y-unas-con-aloe-vera-y-baba-de-caracol\/","title":{"rendered":"Crema de manos y u\u00f1as con aloe vera y baba de caracol"},"content":{"rendered":"","protected":false},"excerpt":{"rendered":"<p class=\"p1\">Crema espec\u00edfica para la hidrataci\u00f3n y cuidado diario de las manos y u\u00f1as.<\/p>\n<p><strong>Modo de uso:<\/strong> Colocar peque\u00f1as cantidades sobre las zonas que a tratar, masaje\u00e1ndose hasta la absorci\u00f3n total del producto.<\/p>\n<p class=\"p1\">ref. 100090 | 100 ml e 3,4 Fl. Oz.<\/p>\n","protected":false},"featured_media":90761,"comment_status":"open","ping_status":"closed","template":"","meta":{"_gspb_post_css":""},"product_brand":[],"product_cat":[224,105],"product_tag":[73],"class_list":{"0":"post-90730","1":"product","2":"type-product","3":"status-publish","4":"has-post-thumbnail","6":"product_cat-babaloe","7":"product_cat-productos","8":"product_tag-babaloe","10":"first","11":"instock","12":"taxable","13":"shipping-taxable","14":"purchasable","15":"product-type-simple"},"ct_brands":[],"_links":{"self":[{"href":"https:\/\/relaxed-poincare.168-119-193-199.plesk.page\/en\/wp-json\/wp\/v2\/product\/90730","targetHints":{"allow":["GET"]}}],"collection":[{"href":"https:\/\/relaxed-poincare.168-119-193-199.plesk.page\/en\/wp-json\/wp\/v2\/product"}],"about":[{"href":"https:\/\/relaxed-poincare.168-119-193-199.plesk.page\/en\/wp-json\/wp\/v2\/types\/product"}],"replies":[{"embeddable":true,"href":"https:\/\/relaxed-poincare.168-119-193-199.plesk.page\/en\/wp-json\/wp\/v2\/comments?post=90730"}],"wp:featuredmedia":[{"embeddable":true,"href":"https:\/\/relaxed-poincare.168-119-193-199.plesk.page\/en\/wp-json\/wp\/v2\/media\/90761"}],"wp:attachment":[{"href":"https:\/\/relaxed-poincare.168-119-193-199.plesk.page\/en\/wp-json\/wp\/v2\/media?parent=90730"}],"wp:term":[{"taxonomy":"product_brand","embeddable":true,"href":"https:\/\/relaxed-poincare.168-119-193-199.plesk.page\/en\/wp-json\/wp\/v2\/product_brand?post=90730"},{"taxonomy":"product_cat","embeddable":true,"href":"https:\/\/relaxed-poincare.168-119-193-199.plesk.page\/en\/wp-json\/wp\/v2\/product_cat?post=90730"},{"taxonomy":"product_tag","embeddable":true,"href":"https:\/\/relaxed-poincare.168-119-193-199.plesk.page\/en\/wp-json\/wp\/v2\/product_tag?post=90730"}],"curies":[{"name":"wp","href":"https:\/\/api.w.org\/{rel}","templated":true}]}}