{"id":90731,"date":"2026-04-17T01:02:09","date_gmt":"2026-04-17T00:02:09","guid":{"rendered":"https:\/\/relaxed-poincare.168-119-193-199.plesk.page\/?post_type=product&#038;p=90731"},"modified":"2026-04-17T01:02:13","modified_gmt":"2026-04-17T00:02:13","slug":"blue-scorpion-crema-facial-ultra-tensora","status":"publish","type":"product","link":"https:\/\/relaxed-poincare.168-119-193-199.plesk.page\/en\/productos\/blue-scorpion-crema-facial-ultra-tensora\/","title":{"rendered":"Blue scorpion crema facial ultra tensora"},"content":{"rendered":"","protected":false},"excerpt":{"rendered":"<p class=\"p1\">Efecto inmediato. Los activos del escorpi\u00f3n azulact\u00faan sobre arrugas y l\u00edneas de expresi\u00f3n. Contiene jugo de Aloe Vera de hojas frescas, hidratante y protector; col\u00e1geno, de acci\u00f3n regeneradora; y vitaminas A, C, E y B (B1, B2, B6), con propiedades antioxidantes. Su uso continuado contribuye a mejorar y recuperar la firmeza cut\u00e1nea.<\/p>\n<p><strong>Modo de uso:<\/strong> Aplicar en rostro, cuello y escote con suave masaje hasta su total absorci\u00f3n, preferiblemente por la ma\u00f1ana. Para una mayor efectividad, recomendamos usar nuestro S\u00e9rum Blue Scorpion, antes.<\/p>\n<p class=\"p1\">ref. 170680 | 100 ml e 3,4 Fl. Oz.<\/p>\n","protected":false},"featured_media":90762,"comment_status":"open","ping_status":"closed","template":"","meta":{"_gspb_post_css":""},"product_brand":[],"product_cat":[239,105],"product_tag":[103],"class_list":{"0":"post-90731","1":"product","2":"type-product","3":"status-publish","4":"has-post-thumbnail","6":"product_cat-cosmo-treatment","7":"product_cat-productos","8":"product_tag-cosmo-treatment","10":"first","11":"instock","12":"taxable","13":"shipping-taxable","14":"purchasable","15":"product-type-simple"},"ct_brands":[],"_links":{"self":[{"href":"https:\/\/relaxed-poincare.168-119-193-199.plesk.page\/en\/wp-json\/wp\/v2\/product\/90731","targetHints":{"allow":["GET"]}}],"collection":[{"href":"https:\/\/relaxed-poincare.168-119-193-199.plesk.page\/en\/wp-json\/wp\/v2\/product"}],"about":[{"href":"https:\/\/relaxed-poincare.168-119-193-199.plesk.page\/en\/wp-json\/wp\/v2\/types\/product"}],"replies":[{"embeddable":true,"href":"https:\/\/relaxed-poincare.168-119-193-199.plesk.page\/en\/wp-json\/wp\/v2\/comments?post=90731"}],"wp:featuredmedia":[{"embeddable":true,"href":"https:\/\/relaxed-poincare.168-119-193-199.plesk.page\/en\/wp-json\/wp\/v2\/media\/90762"}],"wp:attachment":[{"href":"https:\/\/relaxed-poincare.168-119-193-199.plesk.page\/en\/wp-json\/wp\/v2\/media?parent=90731"}],"wp:term":[{"taxonomy":"product_brand","embeddable":true,"href":"https:\/\/relaxed-poincare.168-119-193-199.plesk.page\/en\/wp-json\/wp\/v2\/product_brand?post=90731"},{"taxonomy":"product_cat","embeddable":true,"href":"https:\/\/relaxed-poincare.168-119-193-199.plesk.page\/en\/wp-json\/wp\/v2\/product_cat?post=90731"},{"taxonomy":"product_tag","embeddable":true,"href":"https:\/\/relaxed-poincare.168-119-193-199.plesk.page\/en\/wp-json\/wp\/v2\/product_tag?post=90731"}],"curies":[{"name":"wp","href":"https:\/\/api.w.org\/{rel}","templated":true}]}}