{"id":90732,"date":"2026-04-17T01:02:09","date_gmt":"2026-04-17T00:02:09","guid":{"rendered":"https:\/\/relaxed-poincare.168-119-193-199.plesk.page\/?post_type=product&#038;p=90732"},"modified":"2026-04-17T01:02:14","modified_gmt":"2026-04-17T00:02:14","slug":"blue-scorpion-essence-serum-facial-ultra-tensor","status":"publish","type":"product","link":"https:\/\/relaxed-poincare.168-119-193-199.plesk.page\/en\/productos\/blue-scorpion-essence-serum-facial-ultra-tensor\/","title":{"rendered":"Blue scorpion essence s\u00e9rum facial ultra-tensor"},"content":{"rendered":"","protected":false},"excerpt":{"rendered":"<p class=\"p1\">Efecto inmediato. Los activos del escorpi\u00f3n azul act\u00faan sobre arrugas y l\u00edneas de expresi\u00f3n. Contiene jugo de Aloe Vera de hojas frescas, hidratante y protector; col\u00e1geno, de acci\u00f3n regeneradora; y vitaminas A, C, E y B (B1, B2, B6), con propiedades antioxidantes. Su uso continuado contribuye a mejorar y recuperar la firmeza cut\u00e1nea.<\/p>\n<p><strong>Modo de uso:<\/strong> Aplicar en rostro, cuello y escote con suave masaje hasta su total absorci\u00f3n, preferiblemente por la ma\u00f1ana. Para una mayor efectividad, recomendamos usar nuestro Crema Blue Scorpion despu\u00e9s.<\/p>\n<p class=\"p1\">ref. 170690 | 30 ml e 1 Fl. Oz.<\/p>\n","protected":false},"featured_media":90763,"comment_status":"open","ping_status":"closed","template":"","meta":{"_gspb_post_css":""},"product_brand":[591],"product_cat":[239,105],"product_tag":[103],"class_list":{"0":"post-90732","1":"product","2":"type-product","3":"status-publish","4":"has-post-thumbnail","6":"product_brand-cosmo-treatment","7":"product_cat-cosmo-treatment","8":"product_cat-productos","9":"product_tag-cosmo-treatment","11":"first","12":"instock","13":"taxable","14":"shipping-taxable","15":"purchasable","16":"product-type-simple"},"ct_brands":[{"id":591,"name":"cosmo treatment","slug":"cosmo-treatment"}],"_links":{"self":[{"href":"https:\/\/relaxed-poincare.168-119-193-199.plesk.page\/en\/wp-json\/wp\/v2\/product\/90732","targetHints":{"allow":["GET"]}}],"collection":[{"href":"https:\/\/relaxed-poincare.168-119-193-199.plesk.page\/en\/wp-json\/wp\/v2\/product"}],"about":[{"href":"https:\/\/relaxed-poincare.168-119-193-199.plesk.page\/en\/wp-json\/wp\/v2\/types\/product"}],"replies":[{"embeddable":true,"href":"https:\/\/relaxed-poincare.168-119-193-199.plesk.page\/en\/wp-json\/wp\/v2\/comments?post=90732"}],"wp:featuredmedia":[{"embeddable":true,"href":"https:\/\/relaxed-poincare.168-119-193-199.plesk.page\/en\/wp-json\/wp\/v2\/media\/90763"}],"wp:attachment":[{"href":"https:\/\/relaxed-poincare.168-119-193-199.plesk.page\/en\/wp-json\/wp\/v2\/media?parent=90732"}],"wp:term":[{"taxonomy":"product_brand","embeddable":true,"href":"https:\/\/relaxed-poincare.168-119-193-199.plesk.page\/en\/wp-json\/wp\/v2\/product_brand?post=90732"},{"taxonomy":"product_cat","embeddable":true,"href":"https:\/\/relaxed-poincare.168-119-193-199.plesk.page\/en\/wp-json\/wp\/v2\/product_cat?post=90732"},{"taxonomy":"product_tag","embeddable":true,"href":"https:\/\/relaxed-poincare.168-119-193-199.plesk.page\/en\/wp-json\/wp\/v2\/product_tag?post=90732"}],"curies":[{"name":"wp","href":"https:\/\/api.w.org\/{rel}","templated":true}]}}