{"id":90733,"date":"2026-04-17T01:02:09","date_gmt":"2026-04-17T00:02:09","guid":{"rendered":"https:\/\/relaxed-poincare.168-119-193-199.plesk.page\/?post_type=product&#038;p=90733"},"modified":"2026-04-17T01:02:16","modified_gmt":"2026-04-17T00:02:16","slug":"diamond-cream-tratamiento-antiedad","status":"publish","type":"product","link":"https:\/\/relaxed-poincare.168-119-193-199.plesk.page\/en\/productos\/diamond-cream-tratamiento-antiedad\/","title":{"rendered":"Diamond Cream Tratamiento Antiedad"},"content":{"rendered":"<p><strong>Modo de uso:<\/strong> Aplicar sobre cara, cuello y escote, preferiblemente por la ma\u00f1ana.<\/p>\n","protected":false},"excerpt":{"rendered":"<p>Estimula la regeneraci\u00f3n del tejido cut\u00e1neo.<br \/>\nCon c\u00e9lulas madre de Aloe Vera y ginkgo biloba (proliferaci\u00f3n celular); rosa mosqueta, arg\u00e1n y manteca de karit\u00e9 (nutrici\u00f3n); col\u00e1geno, elastina y coenzima Q10 (firmeza); \u00e1cido hialur\u00f3nico y ceratonia siliqua (hidrataci\u00f3n); y complejo de vitaminas A, C y E (antioxidantes).<\/p>\n<p>Con FPS 15.<\/p>\n<p class=\"p2\">ref. 170430 | 50 ml e 1,7 Fl. Oz.<\/p>\n","protected":false},"featured_media":90764,"comment_status":"open","ping_status":"closed","template":"","meta":{"_gspb_post_css":""},"product_brand":[],"product_cat":[226,105],"product_tag":[71],"class_list":{"0":"post-90733","1":"product","2":"type-product","3":"status-publish","4":"has-post-thumbnail","6":"product_cat-deluxe","7":"product_cat-productos","8":"product_tag-deluxe","10":"first","11":"instock","12":"taxable","13":"shipping-taxable","14":"purchasable","15":"product-type-simple"},"ct_brands":[],"_links":{"self":[{"href":"https:\/\/relaxed-poincare.168-119-193-199.plesk.page\/en\/wp-json\/wp\/v2\/product\/90733","targetHints":{"allow":["GET"]}}],"collection":[{"href":"https:\/\/relaxed-poincare.168-119-193-199.plesk.page\/en\/wp-json\/wp\/v2\/product"}],"about":[{"href":"https:\/\/relaxed-poincare.168-119-193-199.plesk.page\/en\/wp-json\/wp\/v2\/types\/product"}],"replies":[{"embeddable":true,"href":"https:\/\/relaxed-poincare.168-119-193-199.plesk.page\/en\/wp-json\/wp\/v2\/comments?post=90733"}],"wp:featuredmedia":[{"embeddable":true,"href":"https:\/\/relaxed-poincare.168-119-193-199.plesk.page\/en\/wp-json\/wp\/v2\/media\/90764"}],"wp:attachment":[{"href":"https:\/\/relaxed-poincare.168-119-193-199.plesk.page\/en\/wp-json\/wp\/v2\/media?parent=90733"}],"wp:term":[{"taxonomy":"product_brand","embeddable":true,"href":"https:\/\/relaxed-poincare.168-119-193-199.plesk.page\/en\/wp-json\/wp\/v2\/product_brand?post=90733"},{"taxonomy":"product_cat","embeddable":true,"href":"https:\/\/relaxed-poincare.168-119-193-199.plesk.page\/en\/wp-json\/wp\/v2\/product_cat?post=90733"},{"taxonomy":"product_tag","embeddable":true,"href":"https:\/\/relaxed-poincare.168-119-193-199.plesk.page\/en\/wp-json\/wp\/v2\/product_tag?post=90733"}],"curies":[{"name":"wp","href":"https:\/\/api.w.org\/{rel}","templated":true}]}}