{"id":90735,"date":"2026-04-17T01:02:09","date_gmt":"2026-04-17T00:02:09","guid":{"rendered":"https:\/\/relaxed-poincare.168-119-193-199.plesk.page\/?post_type=product&#038;p=90735"},"modified":"2026-04-17T01:02:18","modified_gmt":"2026-04-17T00:02:18","slug":"crema-despigmentante","status":"publish","type":"product","link":"https:\/\/relaxed-poincare.168-119-193-199.plesk.page\/en\/productos\/crema-despigmentante\/","title":{"rendered":"Crema despigmentante"},"content":{"rendered":"","protected":false},"excerpt":{"rendered":"<p>Act\u00faa contra las manchas causadas por la edad y las agresiones del medioambiente. Con \u00e1cido k\u00f3jico, reduce el tama\u00f1o y la intensidad de la mancha de forma progresiva.<\/p>\n<p>Recomendado en todo tipo de pieles, especialmente las envejecidas.<\/p>\n<p><strong>Modo de uso:<\/strong> Se aconseja utilizar por la ma\u00f1ana y por la noche. Aplicar sobre cara, cuello y escote con un suave masaje. Durante el per\u00edodo de uso se recomienda protegerse de la acci\u00f3n directa de los rayos del sol.<\/p>\n<p class=\"p1\">ref. 30330 | 50 ml e 1,7 Fl. Oz.<\/p>\n","protected":false},"featured_media":90767,"comment_status":"open","ping_status":"closed","template":"","meta":{"_gspb_post_css":""},"product_brand":[],"product_cat":[333,105],"product_tag":[107],"class_list":{"0":"post-90735","1":"product","2":"type-product","3":"status-publish","4":"has-post-thumbnail","6":"product_cat-aloe-calendula","7":"product_cat-productos","8":"product_tag-cosmo-basics","10":"first","11":"instock","12":"taxable","13":"shipping-taxable","14":"purchasable","15":"product-type-simple"},"ct_brands":[],"_links":{"self":[{"href":"https:\/\/relaxed-poincare.168-119-193-199.plesk.page\/en\/wp-json\/wp\/v2\/product\/90735","targetHints":{"allow":["GET"]}}],"collection":[{"href":"https:\/\/relaxed-poincare.168-119-193-199.plesk.page\/en\/wp-json\/wp\/v2\/product"}],"about":[{"href":"https:\/\/relaxed-poincare.168-119-193-199.plesk.page\/en\/wp-json\/wp\/v2\/types\/product"}],"replies":[{"embeddable":true,"href":"https:\/\/relaxed-poincare.168-119-193-199.plesk.page\/en\/wp-json\/wp\/v2\/comments?post=90735"}],"wp:featuredmedia":[{"embeddable":true,"href":"https:\/\/relaxed-poincare.168-119-193-199.plesk.page\/en\/wp-json\/wp\/v2\/media\/90767"}],"wp:attachment":[{"href":"https:\/\/relaxed-poincare.168-119-193-199.plesk.page\/en\/wp-json\/wp\/v2\/media?parent=90735"}],"wp:term":[{"taxonomy":"product_brand","embeddable":true,"href":"https:\/\/relaxed-poincare.168-119-193-199.plesk.page\/en\/wp-json\/wp\/v2\/product_brand?post=90735"},{"taxonomy":"product_cat","embeddable":true,"href":"https:\/\/relaxed-poincare.168-119-193-199.plesk.page\/en\/wp-json\/wp\/v2\/product_cat?post=90735"},{"taxonomy":"product_tag","embeddable":true,"href":"https:\/\/relaxed-poincare.168-119-193-199.plesk.page\/en\/wp-json\/wp\/v2\/product_tag?post=90735"}],"curies":[{"name":"wp","href":"https:\/\/api.w.org\/{rel}","templated":true}]}}