{"id":90740,"date":"2026-04-17T01:02:09","date_gmt":"2026-04-17T00:02:09","guid":{"rendered":"https:\/\/relaxed-poincare.168-119-193-199.plesk.page\/?post_type=product&#038;p=90740"},"modified":"2026-04-17T01:02:25","modified_gmt":"2026-04-17T00:02:25","slug":"dentifrico-de-limon-con-aloe-vera","status":"publish","type":"product","link":"https:\/\/relaxed-poincare.168-119-193-199.plesk.page\/en\/productos\/dentifrico-de-limon-con-aloe-vera\/","title":{"rendered":"Dent\u00edfrico de lim\u00f3n con aloe vera"},"content":{"rendered":"","protected":false},"excerpt":{"rendered":"<p>Ayuda en el tratamiento de la gingivitis. Previene y alivia la inflamaci\u00f3n y sangrado de las enc\u00edas.<br \/>\nLimpia eficazmente para evitar caries.<br \/>\nSabor lim\u00f3n.<\/p>\n<p><strong>Modo de uso:<\/strong> Adem\u00e1s de las limpiezas normales durante el d\u00eda tras las comidas, se recomienda que la limpieza nocturna antes de ir a dormir se realice de una manera m\u00e1s profunda y prolongada.<\/p>\n<p class=\"p1\">ref. 10960 | 75 ml e 2,5 Fl. Oz.<\/p>\n","protected":false},"featured_media":90775,"comment_status":"open","ping_status":"closed","template":"","meta":{"_gspb_post_css":""},"product_brand":[],"product_cat":[233,105],"product_tag":[106],"class_list":{"0":"post-90740","1":"product","2":"type-product","3":"status-publish","4":"has-post-thumbnail","6":"product_cat-cosmo-purify","7":"product_cat-productos","8":"product_tag-cosmo-purify","10":"first","11":"instock","12":"taxable","13":"shipping-taxable","14":"purchasable","15":"product-type-simple"},"ct_brands":[],"_links":{"self":[{"href":"https:\/\/relaxed-poincare.168-119-193-199.plesk.page\/en\/wp-json\/wp\/v2\/product\/90740","targetHints":{"allow":["GET"]}}],"collection":[{"href":"https:\/\/relaxed-poincare.168-119-193-199.plesk.page\/en\/wp-json\/wp\/v2\/product"}],"about":[{"href":"https:\/\/relaxed-poincare.168-119-193-199.plesk.page\/en\/wp-json\/wp\/v2\/types\/product"}],"replies":[{"embeddable":true,"href":"https:\/\/relaxed-poincare.168-119-193-199.plesk.page\/en\/wp-json\/wp\/v2\/comments?post=90740"}],"wp:featuredmedia":[{"embeddable":true,"href":"https:\/\/relaxed-poincare.168-119-193-199.plesk.page\/en\/wp-json\/wp\/v2\/media\/90775"}],"wp:attachment":[{"href":"https:\/\/relaxed-poincare.168-119-193-199.plesk.page\/en\/wp-json\/wp\/v2\/media?parent=90740"}],"wp:term":[{"taxonomy":"product_brand","embeddable":true,"href":"https:\/\/relaxed-poincare.168-119-193-199.plesk.page\/en\/wp-json\/wp\/v2\/product_brand?post=90740"},{"taxonomy":"product_cat","embeddable":true,"href":"https:\/\/relaxed-poincare.168-119-193-199.plesk.page\/en\/wp-json\/wp\/v2\/product_cat?post=90740"},{"taxonomy":"product_tag","embeddable":true,"href":"https:\/\/relaxed-poincare.168-119-193-199.plesk.page\/en\/wp-json\/wp\/v2\/product_tag?post=90740"}],"curies":[{"name":"wp","href":"https:\/\/api.w.org\/{rel}","templated":true}]}}