{"id":90743,"date":"2026-04-17T01:02:10","date_gmt":"2026-04-17T00:02:10","guid":{"rendered":"https:\/\/relaxed-poincare.168-119-193-199.plesk.page\/?post_type=product&#038;p=90743"},"modified":"2026-04-17T01:02:55","modified_gmt":"2026-04-17T00:02:55","slug":"aceite-de-argan-100","status":"publish","type":"product","link":"https:\/\/relaxed-poincare.168-119-193-199.plesk.page\/en\/productos\/aceite-de-argan-100\/","title":{"rendered":"Aceite de arg\u00e1n 100%"},"content":{"rendered":"<p><strong>Modo de uso:<\/strong> Aplicar sobre la zona a tratar con un suave masaje hasta su total absorci\u00f3n.<\/p>\n","protected":false},"excerpt":{"rendered":"<p>Hidratante y nutritivo. Regeneraci\u00f3n celular, neutralizando los radicales libres. Calma la piel da\u00f1ada por quemaduras, erupciones e irritaciones. Aten\u00faa estr\u00edas y cicatrices. Antioxidante, combate arrugas y previene el envejecimiento.<br \/>\nFortalece y protege u\u00f1as d\u00e9biles. Nutre cabellos resecos y da\u00f1ados.<\/p>\n<p class=\"p1\">ref. 70010 | 30 ml e 1 Fl. Oz.<\/p>\n","protected":false},"featured_media":90827,"comment_status":"open","ping_status":"closed","template":"","meta":{"_gspb_post_css":""},"product_brand":[],"product_cat":[81,105],"product_tag":[74],"class_list":{"0":"post-90743","1":"product","2":"type-product","3":"status-publish","4":"has-post-thumbnail","6":"product_cat-argan-aloe","7":"product_cat-productos","8":"product_tag-aloe-argan","10":"first","11":"instock","12":"taxable","13":"shipping-taxable","14":"purchasable","15":"product-type-simple"},"ct_brands":[],"_links":{"self":[{"href":"https:\/\/relaxed-poincare.168-119-193-199.plesk.page\/en\/wp-json\/wp\/v2\/product\/90743","targetHints":{"allow":["GET"]}}],"collection":[{"href":"https:\/\/relaxed-poincare.168-119-193-199.plesk.page\/en\/wp-json\/wp\/v2\/product"}],"about":[{"href":"https:\/\/relaxed-poincare.168-119-193-199.plesk.page\/en\/wp-json\/wp\/v2\/types\/product"}],"replies":[{"embeddable":true,"href":"https:\/\/relaxed-poincare.168-119-193-199.plesk.page\/en\/wp-json\/wp\/v2\/comments?post=90743"}],"wp:featuredmedia":[{"embeddable":true,"href":"https:\/\/relaxed-poincare.168-119-193-199.plesk.page\/en\/wp-json\/wp\/v2\/media\/90827"}],"wp:attachment":[{"href":"https:\/\/relaxed-poincare.168-119-193-199.plesk.page\/en\/wp-json\/wp\/v2\/media?parent=90743"}],"wp:term":[{"taxonomy":"product_brand","embeddable":true,"href":"https:\/\/relaxed-poincare.168-119-193-199.plesk.page\/en\/wp-json\/wp\/v2\/product_brand?post=90743"},{"taxonomy":"product_cat","embeddable":true,"href":"https:\/\/relaxed-poincare.168-119-193-199.plesk.page\/en\/wp-json\/wp\/v2\/product_cat?post=90743"},{"taxonomy":"product_tag","embeddable":true,"href":"https:\/\/relaxed-poincare.168-119-193-199.plesk.page\/en\/wp-json\/wp\/v2\/product_tag?post=90743"}],"curies":[{"name":"wp","href":"https:\/\/api.w.org\/{rel}","templated":true}]}}