{"id":90745,"date":"2026-04-17T01:02:10","date_gmt":"2026-04-17T00:02:10","guid":{"rendered":"https:\/\/relaxed-poincare.168-119-193-199.plesk.page\/?post_type=product&#038;p=90745"},"modified":"2026-04-17T01:02:29","modified_gmt":"2026-04-17T00:02:29","slug":"crema-hidratante-aloe-bio","status":"publish","type":"product","link":"https:\/\/relaxed-poincare.168-119-193-199.plesk.page\/en\/productos\/crema-hidratante-aloe-bio\/","title":{"rendered":"Crema Hidratante Aloe BIO"},"content":{"rendered":"<p><strong>Modo de uso:<\/strong> Aplicar en cara, cuello y escote con un suave masaje, tantas veces al d\u00eda como se considere necesario.<\/p>\n","protected":false},"excerpt":{"rendered":"<p class=\"p1\">Regeneraci\u00f3n e hidrataci\u00f3n, suavizando en profundidad. Repara da\u00f1os producidos por agentes medioambientales y radiaci\u00f3n solar. Ideal para tratamiento de pieles sensibles y irritadas.<\/p>\n<p class=\"p1\">ref. 11350 | 100 ml e 3,4 Fl. Oz.<\/p>\n","protected":false},"featured_media":90778,"comment_status":"open","ping_status":"closed","template":"","meta":{"_gspb_post_css":""},"product_brand":[],"product_cat":[234,105],"product_tag":[107],"class_list":{"0":"post-90745","1":"product","2":"type-product","3":"status-publish","4":"has-post-thumbnail","6":"product_cat-cosmo-basics","7":"product_cat-productos","8":"product_tag-cosmo-basics","10":"first","11":"instock","12":"taxable","13":"shipping-taxable","14":"purchasable","15":"product-type-simple"},"ct_brands":[],"_links":{"self":[{"href":"https:\/\/relaxed-poincare.168-119-193-199.plesk.page\/en\/wp-json\/wp\/v2\/product\/90745","targetHints":{"allow":["GET"]}}],"collection":[{"href":"https:\/\/relaxed-poincare.168-119-193-199.plesk.page\/en\/wp-json\/wp\/v2\/product"}],"about":[{"href":"https:\/\/relaxed-poincare.168-119-193-199.plesk.page\/en\/wp-json\/wp\/v2\/types\/product"}],"replies":[{"embeddable":true,"href":"https:\/\/relaxed-poincare.168-119-193-199.plesk.page\/en\/wp-json\/wp\/v2\/comments?post=90745"}],"wp:featuredmedia":[{"embeddable":true,"href":"https:\/\/relaxed-poincare.168-119-193-199.plesk.page\/en\/wp-json\/wp\/v2\/media\/90778"}],"wp:attachment":[{"href":"https:\/\/relaxed-poincare.168-119-193-199.plesk.page\/en\/wp-json\/wp\/v2\/media?parent=90745"}],"wp:term":[{"taxonomy":"product_brand","embeddable":true,"href":"https:\/\/relaxed-poincare.168-119-193-199.plesk.page\/en\/wp-json\/wp\/v2\/product_brand?post=90745"},{"taxonomy":"product_cat","embeddable":true,"href":"https:\/\/relaxed-poincare.168-119-193-199.plesk.page\/en\/wp-json\/wp\/v2\/product_cat?post=90745"},{"taxonomy":"product_tag","embeddable":true,"href":"https:\/\/relaxed-poincare.168-119-193-199.plesk.page\/en\/wp-json\/wp\/v2\/product_tag?post=90745"}],"curies":[{"name":"wp","href":"https:\/\/api.w.org\/{rel}","templated":true}]}}