{"id":90756,"date":"2026-04-17T01:02:10","date_gmt":"2026-04-17T00:02:10","guid":{"rendered":"https:\/\/relaxed-poincare.168-119-193-199.plesk.page\/?post_type=product&#038;p=90756"},"modified":"2026-04-17T01:02:51","modified_gmt":"2026-04-17T00:02:51","slug":"crema-contorno-de-ojos-y-labios-piel-seca-y-mixta","status":"publish","type":"product","link":"https:\/\/relaxed-poincare.168-119-193-199.plesk.page\/en\/productos\/crema-contorno-de-ojos-y-labios-piel-seca-y-mixta\/","title":{"rendered":"Crema contorno de ojos y labios piel seca y mixta"},"content":{"rendered":"<p>&nbsp;<\/p>\n<p>&nbsp;<\/p>\n","protected":false},"excerpt":{"rendered":"<p class=\"p1\">Contiene vitaminas, Aloe Vera, rosa mosqueta y cal\u00e9ndula. Ayuda a prevenir y atenuar las arrugas y bolsas que se forman alrededor del contorno ocular, as\u00ed como aqu\u00e9llas que aparecen en la comisura de los labios. Indicado para pieles secas y mixtas.<\/p>\n<p><strong>Modo de uso:<\/strong> Aplicar, ma\u00f1ana y\/o noche, alrededor de los ojos y comisura de los labios.<\/p>\n<p class=\"p1\">ref. 40040 | 35 ml e 1,2 Fl. Oz.<\/p>\n","protected":false},"featured_media":90810,"comment_status":"open","ping_status":"closed","template":"","meta":{"_gspb_post_css":""},"product_brand":[],"product_cat":[234,105],"product_tag":[107],"class_list":{"0":"post-90756","1":"product","2":"type-product","3":"status-publish","4":"has-post-thumbnail","6":"product_cat-cosmo-basics","7":"product_cat-productos","8":"product_tag-cosmo-basics","10":"first","11":"instock","12":"taxable","13":"shipping-taxable","14":"purchasable","15":"product-type-simple"},"ct_brands":[],"_links":{"self":[{"href":"https:\/\/relaxed-poincare.168-119-193-199.plesk.page\/en\/wp-json\/wp\/v2\/product\/90756","targetHints":{"allow":["GET"]}}],"collection":[{"href":"https:\/\/relaxed-poincare.168-119-193-199.plesk.page\/en\/wp-json\/wp\/v2\/product"}],"about":[{"href":"https:\/\/relaxed-poincare.168-119-193-199.plesk.page\/en\/wp-json\/wp\/v2\/types\/product"}],"replies":[{"embeddable":true,"href":"https:\/\/relaxed-poincare.168-119-193-199.plesk.page\/en\/wp-json\/wp\/v2\/comments?post=90756"}],"wp:featuredmedia":[{"embeddable":true,"href":"https:\/\/relaxed-poincare.168-119-193-199.plesk.page\/en\/wp-json\/wp\/v2\/media\/90810"}],"wp:attachment":[{"href":"https:\/\/relaxed-poincare.168-119-193-199.plesk.page\/en\/wp-json\/wp\/v2\/media?parent=90756"}],"wp:term":[{"taxonomy":"product_brand","embeddable":true,"href":"https:\/\/relaxed-poincare.168-119-193-199.plesk.page\/en\/wp-json\/wp\/v2\/product_brand?post=90756"},{"taxonomy":"product_cat","embeddable":true,"href":"https:\/\/relaxed-poincare.168-119-193-199.plesk.page\/en\/wp-json\/wp\/v2\/product_cat?post=90756"},{"taxonomy":"product_tag","embeddable":true,"href":"https:\/\/relaxed-poincare.168-119-193-199.plesk.page\/en\/wp-json\/wp\/v2\/product_tag?post=90756"}],"curies":[{"name":"wp","href":"https:\/\/api.w.org\/{rel}","templated":true}]}}