{"id":90782,"date":"2026-04-17T01:02:30","date_gmt":"2026-04-17T00:02:30","guid":{"rendered":"https:\/\/relaxed-poincare.168-119-193-199.plesk.page\/?post_type=product&#038;p=90782"},"modified":"2026-04-17T01:02:59","modified_gmt":"2026-04-17T00:02:59","slug":"crema-facial-hidratante-fps-15","status":"publish","type":"product","link":"https:\/\/relaxed-poincare.168-119-193-199.plesk.page\/en\/productos\/crema-facial-hidratante-fps-15\/","title":{"rendered":"Crema facial hidratante FPS 15"},"content":{"rendered":"","protected":false},"excerpt":{"rendered":"<p>Rica en Aloe Vera, arg\u00e1n, rosa mosqueta, extracto de cal\u00e9ndula y vitaminas. Hidrata y suaviza visiblemente la piel, previniendo la aparici\u00f3n de los signos del envejecimiento.<br \/>\nCon FPS 15.<\/p>\n<p><strong>Modo de uso:<\/strong> Aplicar sobre la piel limpia, por la ma\u00f1ana y \/ o noche, con un suave masaje hasta su total absorci\u00f3n.<\/p>\n<p class=\"p2\">ref. 70090 | 100 ml e 3,4 Fl. Oz.<\/p>\n","protected":false},"featured_media":90830,"comment_status":"open","ping_status":"closed","template":"","meta":{"_gspb_post_css":""},"product_brand":[],"product_cat":[81,105],"product_tag":[74],"class_list":{"0":"post-90782","1":"product","2":"type-product","3":"status-publish","4":"has-post-thumbnail","6":"product_cat-argan-aloe","7":"product_cat-productos","8":"product_tag-aloe-argan","10":"first","11":"instock","12":"taxable","13":"shipping-taxable","14":"purchasable","15":"product-type-simple"},"ct_brands":[],"_links":{"self":[{"href":"https:\/\/relaxed-poincare.168-119-193-199.plesk.page\/en\/wp-json\/wp\/v2\/product\/90782","targetHints":{"allow":["GET"]}}],"collection":[{"href":"https:\/\/relaxed-poincare.168-119-193-199.plesk.page\/en\/wp-json\/wp\/v2\/product"}],"about":[{"href":"https:\/\/relaxed-poincare.168-119-193-199.plesk.page\/en\/wp-json\/wp\/v2\/types\/product"}],"replies":[{"embeddable":true,"href":"https:\/\/relaxed-poincare.168-119-193-199.plesk.page\/en\/wp-json\/wp\/v2\/comments?post=90782"}],"wp:featuredmedia":[{"embeddable":true,"href":"https:\/\/relaxed-poincare.168-119-193-199.plesk.page\/en\/wp-json\/wp\/v2\/media\/90830"}],"wp:attachment":[{"href":"https:\/\/relaxed-poincare.168-119-193-199.plesk.page\/en\/wp-json\/wp\/v2\/media?parent=90782"}],"wp:term":[{"taxonomy":"product_brand","embeddable":true,"href":"https:\/\/relaxed-poincare.168-119-193-199.plesk.page\/en\/wp-json\/wp\/v2\/product_brand?post=90782"},{"taxonomy":"product_cat","embeddable":true,"href":"https:\/\/relaxed-poincare.168-119-193-199.plesk.page\/en\/wp-json\/wp\/v2\/product_cat?post=90782"},{"taxonomy":"product_tag","embeddable":true,"href":"https:\/\/relaxed-poincare.168-119-193-199.plesk.page\/en\/wp-json\/wp\/v2\/product_tag?post=90782"}],"curies":[{"name":"wp","href":"https:\/\/api.w.org\/{rel}","templated":true}]}}