{"id":90783,"date":"2026-04-17T01:02:31","date_gmt":"2026-04-17T00:02:31","guid":{"rendered":"https:\/\/relaxed-poincare.168-119-193-199.plesk.page\/?post_type=product&#038;p=90783"},"modified":"2026-04-17T01:02:59","modified_gmt":"2026-04-17T00:02:59","slug":"leche-corporal-hidratante","status":"publish","type":"product","link":"https:\/\/relaxed-poincare.168-119-193-199.plesk.page\/en\/productos\/leche-corporal-hidratante\/","title":{"rendered":"Leche corporal hidratante"},"content":{"rendered":"","protected":false},"excerpt":{"rendered":"<p class=\"p1\">Emulsi\u00f3n fluida de gran efecto hidratante y protector. Pieles sensibles y secas. Contiene Aloe Vera, arg\u00e1n, cal\u00e9ndula y vitaminas. Suaviza y regenera, protegiendo del efecto de los agentes externos.<\/p>\n<p><strong>Modo de uso:<\/strong> Aplicar sobre el cuerpo con un suave masaje hasta su total absorci\u00f3n, preferiblemente despu\u00e9s de la ducha o ba\u00f1o diarios.<\/p>\n<p class=\"p1\">ref. 70120 | 250 ml e 8,4 Fl. Oz.<\/p>\n","protected":false},"featured_media":90831,"comment_status":"open","ping_status":"closed","template":"","meta":{"_gspb_post_css":""},"product_brand":[],"product_cat":[81,105],"product_tag":[74],"class_list":{"0":"post-90783","1":"product","2":"type-product","3":"status-publish","4":"has-post-thumbnail","6":"product_cat-argan-aloe","7":"product_cat-productos","8":"product_tag-aloe-argan","10":"first","11":"instock","12":"taxable","13":"shipping-taxable","14":"purchasable","15":"product-type-simple"},"ct_brands":[],"_links":{"self":[{"href":"https:\/\/relaxed-poincare.168-119-193-199.plesk.page\/en\/wp-json\/wp\/v2\/product\/90783","targetHints":{"allow":["GET"]}}],"collection":[{"href":"https:\/\/relaxed-poincare.168-119-193-199.plesk.page\/en\/wp-json\/wp\/v2\/product"}],"about":[{"href":"https:\/\/relaxed-poincare.168-119-193-199.plesk.page\/en\/wp-json\/wp\/v2\/types\/product"}],"replies":[{"embeddable":true,"href":"https:\/\/relaxed-poincare.168-119-193-199.plesk.page\/en\/wp-json\/wp\/v2\/comments?post=90783"}],"wp:featuredmedia":[{"embeddable":true,"href":"https:\/\/relaxed-poincare.168-119-193-199.plesk.page\/en\/wp-json\/wp\/v2\/media\/90831"}],"wp:attachment":[{"href":"https:\/\/relaxed-poincare.168-119-193-199.plesk.page\/en\/wp-json\/wp\/v2\/media?parent=90783"}],"wp:term":[{"taxonomy":"product_brand","embeddable":true,"href":"https:\/\/relaxed-poincare.168-119-193-199.plesk.page\/en\/wp-json\/wp\/v2\/product_brand?post=90783"},{"taxonomy":"product_cat","embeddable":true,"href":"https:\/\/relaxed-poincare.168-119-193-199.plesk.page\/en\/wp-json\/wp\/v2\/product_cat?post=90783"},{"taxonomy":"product_tag","embeddable":true,"href":"https:\/\/relaxed-poincare.168-119-193-199.plesk.page\/en\/wp-json\/wp\/v2\/product_tag?post=90783"}],"curies":[{"name":"wp","href":"https:\/\/api.w.org\/{rel}","templated":true}]}}