{"id":90785,"date":"2026-04-17T01:02:31","date_gmt":"2026-04-17T00:02:31","guid":{"rendered":"https:\/\/relaxed-poincare.168-119-193-199.plesk.page\/?post_type=product&#038;p=90785"},"modified":"2026-04-17T01:03:02","modified_gmt":"2026-04-17T00:03:02","slug":"crema-24h-baba-aloe-regeneradora-antiedad","status":"publish","type":"product","link":"https:\/\/relaxed-poincare.168-119-193-199.plesk.page\/en\/productos\/crema-24h-baba-aloe-regeneradora-antiedad\/","title":{"rendered":"Crema 24H baba-aloe regeneradora antiedad"},"content":{"rendered":"","protected":false},"excerpt":{"rendered":"<p class=\"p1\">Emulsi\u00f3n semifluida de efecto hidratante y regenerador. Indicada para el tratamiento preventivo de la aparici\u00f3n de arrugas. Disminuye las se\u00f1ales prematuras del envejecimiento y genera una hidrataci\u00f3n \u00f3ptima para la piel. Rica en extracto de caracol y Aloe Vera. Con FPS 15.<\/p>\n<p><strong>Modo de uso:<\/strong> Aplicar el producto tantas veces como sea necesario, masajeando las zonas deseadas hasta su total absorci\u00f3n.<\/p>\n<p class=\"p1\">ref. 100010 | 100 ml e 3,4 Fl. Oz.<\/p>\n","protected":false},"featured_media":90833,"comment_status":"open","ping_status":"closed","template":"","meta":{"_gspb_post_css":""},"product_brand":[],"product_cat":[224,105],"product_tag":[73],"class_list":{"0":"post-90785","1":"product","2":"type-product","3":"status-publish","4":"has-post-thumbnail","6":"product_cat-babaloe","7":"product_cat-productos","8":"product_tag-babaloe","10":"first","11":"instock","12":"taxable","13":"shipping-taxable","14":"purchasable","15":"product-type-simple"},"ct_brands":[],"_links":{"self":[{"href":"https:\/\/relaxed-poincare.168-119-193-199.plesk.page\/en\/wp-json\/wp\/v2\/product\/90785","targetHints":{"allow":["GET"]}}],"collection":[{"href":"https:\/\/relaxed-poincare.168-119-193-199.plesk.page\/en\/wp-json\/wp\/v2\/product"}],"about":[{"href":"https:\/\/relaxed-poincare.168-119-193-199.plesk.page\/en\/wp-json\/wp\/v2\/types\/product"}],"replies":[{"embeddable":true,"href":"https:\/\/relaxed-poincare.168-119-193-199.plesk.page\/en\/wp-json\/wp\/v2\/comments?post=90785"}],"wp:featuredmedia":[{"embeddable":true,"href":"https:\/\/relaxed-poincare.168-119-193-199.plesk.page\/en\/wp-json\/wp\/v2\/media\/90833"}],"wp:attachment":[{"href":"https:\/\/relaxed-poincare.168-119-193-199.plesk.page\/en\/wp-json\/wp\/v2\/media?parent=90785"}],"wp:term":[{"taxonomy":"product_brand","embeddable":true,"href":"https:\/\/relaxed-poincare.168-119-193-199.plesk.page\/en\/wp-json\/wp\/v2\/product_brand?post=90785"},{"taxonomy":"product_cat","embeddable":true,"href":"https:\/\/relaxed-poincare.168-119-193-199.plesk.page\/en\/wp-json\/wp\/v2\/product_cat?post=90785"},{"taxonomy":"product_tag","embeddable":true,"href":"https:\/\/relaxed-poincare.168-119-193-199.plesk.page\/en\/wp-json\/wp\/v2\/product_tag?post=90785"}],"curies":[{"name":"wp","href":"https:\/\/api.w.org\/{rel}","templated":true}]}}