{"id":90788,"date":"2026-04-17T01:02:31","date_gmt":"2026-04-17T00:02:31","guid":{"rendered":"https:\/\/relaxed-poincare.168-119-193-199.plesk.page\/?post_type=product&#038;p=90788"},"modified":"2026-04-17T01:03:04","modified_gmt":"2026-04-17T00:03:04","slug":"helix-aspersa-baba-de-caracol-gelificada","status":"publish","type":"product","link":"https:\/\/relaxed-poincare.168-119-193-199.plesk.page\/en\/productos\/helix-aspersa-baba-de-caracol-gelificada\/","title":{"rendered":"H\u00e9lix aspersa baba de caracol gelificada"},"content":{"rendered":"","protected":false},"excerpt":{"rendered":"<p class=\"p1\">S\u00e9rum con propiedades que regeneran la piel, mejora su elasticidad y firmeza, minimiza arrugas y marca de cicatrices. Contiene alanto\u00edna, prote\u00ednas, vitaminas, alfahidroxi\u00e1cidos, mucopolisac\u00e1ridos, enzimas, citoquinas, minerales y oligoelementos.<\/p>\n<p><strong>Modo de uso:<\/strong> Aplicar dos o tres veces diariamente sobre cara, cuello y escote con ligero masaje.<\/p>\n<p class=\"p1\">ref. 100070 | 30 ml e 1 Fl. Oz.<\/p>\n","protected":false},"featured_media":90836,"comment_status":"open","ping_status":"closed","template":"","meta":{"_gspb_post_css":""},"product_brand":[],"product_cat":[224,105],"product_tag":[73],"class_list":{"0":"post-90788","1":"product","2":"type-product","3":"status-publish","4":"has-post-thumbnail","6":"product_cat-babaloe","7":"product_cat-productos","8":"product_tag-babaloe","10":"first","11":"instock","12":"taxable","13":"shipping-taxable","14":"purchasable","15":"product-type-simple"},"ct_brands":[],"_links":{"self":[{"href":"https:\/\/relaxed-poincare.168-119-193-199.plesk.page\/en\/wp-json\/wp\/v2\/product\/90788","targetHints":{"allow":["GET"]}}],"collection":[{"href":"https:\/\/relaxed-poincare.168-119-193-199.plesk.page\/en\/wp-json\/wp\/v2\/product"}],"about":[{"href":"https:\/\/relaxed-poincare.168-119-193-199.plesk.page\/en\/wp-json\/wp\/v2\/types\/product"}],"replies":[{"embeddable":true,"href":"https:\/\/relaxed-poincare.168-119-193-199.plesk.page\/en\/wp-json\/wp\/v2\/comments?post=90788"}],"wp:featuredmedia":[{"embeddable":true,"href":"https:\/\/relaxed-poincare.168-119-193-199.plesk.page\/en\/wp-json\/wp\/v2\/media\/90836"}],"wp:attachment":[{"href":"https:\/\/relaxed-poincare.168-119-193-199.plesk.page\/en\/wp-json\/wp\/v2\/media?parent=90788"}],"wp:term":[{"taxonomy":"product_brand","embeddable":true,"href":"https:\/\/relaxed-poincare.168-119-193-199.plesk.page\/en\/wp-json\/wp\/v2\/product_brand?post=90788"},{"taxonomy":"product_cat","embeddable":true,"href":"https:\/\/relaxed-poincare.168-119-193-199.plesk.page\/en\/wp-json\/wp\/v2\/product_cat?post=90788"},{"taxonomy":"product_tag","embeddable":true,"href":"https:\/\/relaxed-poincare.168-119-193-199.plesk.page\/en\/wp-json\/wp\/v2\/product_tag?post=90788"}],"curies":[{"name":"wp","href":"https:\/\/api.w.org\/{rel}","templated":true}]}}