{"id":90790,"date":"2026-04-17T01:02:31","date_gmt":"2026-04-17T00:02:31","guid":{"rendered":"https:\/\/relaxed-poincare.168-119-193-199.plesk.page\/?post_type=product&#038;p=90790"},"modified":"2026-04-17T01:20:26","modified_gmt":"2026-04-17T00:20:26","slug":"aloe-confort-cremigel-muscular","status":"publish","type":"product","link":"https:\/\/relaxed-poincare.168-119-193-199.plesk.page\/en\/productos\/aloe-confort-cremigel-muscular\/","title":{"rendered":"Aloe confort cremigel muscular"},"content":{"rendered":"","protected":false},"excerpt":{"rendered":"<p class=\"p1\">Cremigel de efecto fr\u00edo-calor. Formulado con una base de Aloe Vera que facilita su aplicaci\u00f3n. Contiene adem\u00e1s mentol, eucaliptol y extractos vegetales de amapola y \u00e1rnica y levadura de cerveza, Aloe Confort penetra r\u00e1pida y profundamente en el tejido cut\u00e1neo, dejando una agradable sensaci\u00f3n de calma, frescura y relajaci\u00f3n.<\/p>\n<p><strong>Modo de uso:<\/strong> Aplicar sobre la piel haci\u00e9ndolo penetrar mediante ligero masaje.<\/p>\n","protected":false},"featured_media":90841,"comment_status":"open","ping_status":"closed","template":"","meta":{"_gspb_post_css":""},"product_brand":[],"product_cat":[237,105],"product_tag":[104],"class_list":{"0":"post-90790","1":"product","2":"type-product","3":"status-publish","4":"has-post-thumbnail","6":"product_cat-cosmo-massage","7":"product_cat-productos","8":"product_tag-cosmo-massage","10":"first","11":"instock","12":"taxable","13":"shipping-taxable","14":"purchasable","15":"product-type-variable"},"ct_brands":[],"_links":{"self":[{"href":"https:\/\/relaxed-poincare.168-119-193-199.plesk.page\/en\/wp-json\/wp\/v2\/product\/90790","targetHints":{"allow":["GET"]}}],"collection":[{"href":"https:\/\/relaxed-poincare.168-119-193-199.plesk.page\/en\/wp-json\/wp\/v2\/product"}],"about":[{"href":"https:\/\/relaxed-poincare.168-119-193-199.plesk.page\/en\/wp-json\/wp\/v2\/types\/product"}],"replies":[{"embeddable":true,"href":"https:\/\/relaxed-poincare.168-119-193-199.plesk.page\/en\/wp-json\/wp\/v2\/comments?post=90790"}],"wp:featuredmedia":[{"embeddable":true,"href":"https:\/\/relaxed-poincare.168-119-193-199.plesk.page\/en\/wp-json\/wp\/v2\/media\/90841"}],"wp:attachment":[{"href":"https:\/\/relaxed-poincare.168-119-193-199.plesk.page\/en\/wp-json\/wp\/v2\/media?parent=90790"}],"wp:term":[{"taxonomy":"product_brand","embeddable":true,"href":"https:\/\/relaxed-poincare.168-119-193-199.plesk.page\/en\/wp-json\/wp\/v2\/product_brand?post=90790"},{"taxonomy":"product_cat","embeddable":true,"href":"https:\/\/relaxed-poincare.168-119-193-199.plesk.page\/en\/wp-json\/wp\/v2\/product_cat?post=90790"},{"taxonomy":"product_tag","embeddable":true,"href":"https:\/\/relaxed-poincare.168-119-193-199.plesk.page\/en\/wp-json\/wp\/v2\/product_tag?post=90790"}],"curies":[{"name":"wp","href":"https:\/\/api.w.org\/{rel}","templated":true}]}}