{"id":90792,"date":"2026-04-17T01:02:31","date_gmt":"2026-04-17T00:02:31","guid":{"rendered":"https:\/\/relaxed-poincare.168-119-193-199.plesk.page\/?post_type=product&#038;p=90792"},"modified":"2026-04-17T01:03:16","modified_gmt":"2026-04-17T00:03:16","slug":"serum-extratensor-con-activos-de-veneno-de-cobra-real","status":"publish","type":"product","link":"https:\/\/relaxed-poincare.168-119-193-199.plesk.page\/en\/productos\/serum-extratensor-con-activos-de-veneno-de-cobra-real\/","title":{"rendered":"S\u00e9rum extratensor con activos de veneno de cobra real"},"content":{"rendered":"","protected":false},"excerpt":{"rendered":"<p class=\"p1\">Formulaci\u00f3n rica en Aloe Vera y vitaminas, as\u00ed como en oligop\u00e9ptidos y oligoelementos, con elevada concentraci\u00f3n de activos presentes en el veneno de cobra real. Su efecto tensor inmediato y duradero, reduce eficazmente las arrugas y l\u00edneas de expresi\u00f3n. Asimismo, recupera la firmeza, elasticidad y finura de la piel.<\/p>\n<p><strong>Modo de uso:<\/strong> Aplicar por la ma\u00f1ana distribuy\u00e9ndola de modo uniforme, por cara, cuello y escote, hasta su total absorci\u00f3n. Para una mayor efectividad, recomendamos usar nuestro Crema Extra-Tensora Cobra, despu\u00e9s.<\/p>\n<p class=\"p1\">ref. 170190 | 30 ml e 1 Fl. Oz.<\/p>\n","protected":false},"featured_media":90860,"comment_status":"open","ping_status":"closed","template":"","meta":{"_gspb_post_css":""},"product_brand":[],"product_cat":[94,105],"product_tag":[103],"class_list":{"0":"post-90792","1":"product","2":"type-product","3":"status-publish","4":"has-post-thumbnail","6":"product_cat-cosmo-treatment","7":"product_cat-productos","8":"product_tag-cosmo-treatment","10":"first","11":"instock","12":"taxable","13":"shipping-taxable","14":"purchasable","15":"product-type-simple"},"ct_brands":[],"_links":{"self":[{"href":"https:\/\/relaxed-poincare.168-119-193-199.plesk.page\/en\/wp-json\/wp\/v2\/product\/90792","targetHints":{"allow":["GET"]}}],"collection":[{"href":"https:\/\/relaxed-poincare.168-119-193-199.plesk.page\/en\/wp-json\/wp\/v2\/product"}],"about":[{"href":"https:\/\/relaxed-poincare.168-119-193-199.plesk.page\/en\/wp-json\/wp\/v2\/types\/product"}],"replies":[{"embeddable":true,"href":"https:\/\/relaxed-poincare.168-119-193-199.plesk.page\/en\/wp-json\/wp\/v2\/comments?post=90792"}],"wp:featuredmedia":[{"embeddable":true,"href":"https:\/\/relaxed-poincare.168-119-193-199.plesk.page\/en\/wp-json\/wp\/v2\/media\/90860"}],"wp:attachment":[{"href":"https:\/\/relaxed-poincare.168-119-193-199.plesk.page\/en\/wp-json\/wp\/v2\/media?parent=90792"}],"wp:term":[{"taxonomy":"product_brand","embeddable":true,"href":"https:\/\/relaxed-poincare.168-119-193-199.plesk.page\/en\/wp-json\/wp\/v2\/product_brand?post=90792"},{"taxonomy":"product_cat","embeddable":true,"href":"https:\/\/relaxed-poincare.168-119-193-199.plesk.page\/en\/wp-json\/wp\/v2\/product_cat?post=90792"},{"taxonomy":"product_tag","embeddable":true,"href":"https:\/\/relaxed-poincare.168-119-193-199.plesk.page\/en\/wp-json\/wp\/v2\/product_tag?post=90792"}],"curies":[{"name":"wp","href":"https:\/\/api.w.org\/{rel}","templated":true}]}}