{"id":90793,"date":"2026-04-17T01:02:31","date_gmt":"2026-04-17T00:02:31","guid":{"rendered":"https:\/\/relaxed-poincare.168-119-193-199.plesk.page\/?post_type=product&#038;p=90793"},"modified":"2026-04-17T01:03:21","modified_gmt":"2026-04-17T00:03:21","slug":"melastar-cream-tratamiento-antimanchas","status":"publish","type":"product","link":"https:\/\/relaxed-poincare.168-119-193-199.plesk.page\/en\/productos\/melastar-cream-tratamiento-antimanchas\/","title":{"rendered":"Melastar Cream Tratamiento Antimanchas"},"content":{"rendered":"<p><strong>Modo de uso:<\/strong> Aplicar dos veces al d\u00eda, extendiendo una ligera capa sobre la piel mediante ligero masaje hasta su total absorci\u00f3n.<\/p>\n","protected":false},"excerpt":{"rendered":"<p>Despigmentante y antioxidante.<br \/>\nTratamiento en pieles con hiperpigmentaci\u00f3n. Con dipalmitato k\u00f3jico y gayuba, que regulan la formaci\u00f3n de melanina, previenen manchas y aclaran el tono de piel; con Aloe Vera y la alanto\u00edna que hidratan y regeneran.<\/p>\n<p>Con FPS 15<\/p>\n<p class=\"p1\">ref. 170420 | 50 ml e 1,7 Fl. Oz.<\/p>\n","protected":false},"featured_media":90861,"comment_status":"open","ping_status":"closed","template":"","meta":{"_gspb_post_css":""},"product_brand":[],"product_cat":[588,100,105],"product_tag":[71],"class_list":{"0":"post-90793","1":"product","2":"type-product","3":"status-publish","4":"has-post-thumbnail","6":"product_cat-black-week","7":"product_cat-cosmo-basics","8":"product_cat-productos","9":"product_tag-deluxe","11":"first","12":"instock","13":"taxable","14":"shipping-taxable","15":"purchasable","16":"product-type-simple"},"ct_brands":[],"_links":{"self":[{"href":"https:\/\/relaxed-poincare.168-119-193-199.plesk.page\/en\/wp-json\/wp\/v2\/product\/90793","targetHints":{"allow":["GET"]}}],"collection":[{"href":"https:\/\/relaxed-poincare.168-119-193-199.plesk.page\/en\/wp-json\/wp\/v2\/product"}],"about":[{"href":"https:\/\/relaxed-poincare.168-119-193-199.plesk.page\/en\/wp-json\/wp\/v2\/types\/product"}],"replies":[{"embeddable":true,"href":"https:\/\/relaxed-poincare.168-119-193-199.plesk.page\/en\/wp-json\/wp\/v2\/comments?post=90793"}],"wp:featuredmedia":[{"embeddable":true,"href":"https:\/\/relaxed-poincare.168-119-193-199.plesk.page\/en\/wp-json\/wp\/v2\/media\/90861"}],"wp:attachment":[{"href":"https:\/\/relaxed-poincare.168-119-193-199.plesk.page\/en\/wp-json\/wp\/v2\/media?parent=90793"}],"wp:term":[{"taxonomy":"product_brand","embeddable":true,"href":"https:\/\/relaxed-poincare.168-119-193-199.plesk.page\/en\/wp-json\/wp\/v2\/product_brand?post=90793"},{"taxonomy":"product_cat","embeddable":true,"href":"https:\/\/relaxed-poincare.168-119-193-199.plesk.page\/en\/wp-json\/wp\/v2\/product_cat?post=90793"},{"taxonomy":"product_tag","embeddable":true,"href":"https:\/\/relaxed-poincare.168-119-193-199.plesk.page\/en\/wp-json\/wp\/v2\/product_tag?post=90793"}],"curies":[{"name":"wp","href":"https:\/\/api.w.org\/{rel}","templated":true}]}}