{"id":90794,"date":"2026-04-17T01:02:31","date_gmt":"2026-04-17T00:02:31","guid":{"rendered":"https:\/\/relaxed-poincare.168-119-193-199.plesk.page\/?post_type=product&#038;p=90794"},"modified":"2026-04-17T01:03:23","modified_gmt":"2026-04-17T00:03:23","slug":"aloe-cc-tratamiento","status":"publish","type":"product","link":"https:\/\/relaxed-poincare.168-119-193-199.plesk.page\/en\/productos\/aloe-cc-tratamiento\/","title":{"rendered":"Aloe C+C Tratamiento"},"content":{"rendered":"<p><strong>Modo de uso y preparaci\u00f3n de la mezcla: <\/strong><br \/>\nPresionar sobre la c\u00e1psula del vial para que el polvo que contiene se libere en el l\u00edquido. Agitar para que ambos elementos se mezclen. A\u00f1adir el contenido resultante del vial al tarro de la crema mezclando suavemente con la esp\u00e1tula que se facilita en el estuche. Aplicar la mezcla sobre rostro,<br \/>\ncuello y escote con suave masaje hasta su total absorci\u00f3n, de una a dos veces diarias. Para la mayor efectividad de la vitamina C se recomienda consumir antes de 30 d\u00edas.<\/p>\n","protected":false},"excerpt":{"rendered":"<p>De propiedades antioxidantes, hidratantes y protectoras, con alto contenido en vitamina C. Estimula la producci\u00f3n de col\u00e1geno, reafirma, regenera y previene los signos del<br \/>\nenvejecimiento cut\u00e1neo.<\/p>\n<p class=\"p1\">ref. 170670 | 50 ml e 1,7 Fl. Oz.<\/p>\n","protected":false},"featured_media":90865,"comment_status":"open","ping_status":"closed","template":"","meta":{"_gspb_post_css":""},"product_brand":[],"product_cat":[83,105],"product_tag":[71],"class_list":{"0":"post-90794","1":"product","2":"type-product","3":"status-publish","4":"has-post-thumbnail","6":"product_cat-deluxe","7":"product_cat-productos","8":"product_tag-deluxe","10":"first","11":"instock","12":"taxable","13":"shipping-taxable","14":"purchasable","15":"product-type-simple"},"ct_brands":[],"_links":{"self":[{"href":"https:\/\/relaxed-poincare.168-119-193-199.plesk.page\/en\/wp-json\/wp\/v2\/product\/90794","targetHints":{"allow":["GET"]}}],"collection":[{"href":"https:\/\/relaxed-poincare.168-119-193-199.plesk.page\/en\/wp-json\/wp\/v2\/product"}],"about":[{"href":"https:\/\/relaxed-poincare.168-119-193-199.plesk.page\/en\/wp-json\/wp\/v2\/types\/product"}],"replies":[{"embeddable":true,"href":"https:\/\/relaxed-poincare.168-119-193-199.plesk.page\/en\/wp-json\/wp\/v2\/comments?post=90794"}],"wp:featuredmedia":[{"embeddable":true,"href":"https:\/\/relaxed-poincare.168-119-193-199.plesk.page\/en\/wp-json\/wp\/v2\/media\/90865"}],"wp:attachment":[{"href":"https:\/\/relaxed-poincare.168-119-193-199.plesk.page\/en\/wp-json\/wp\/v2\/media?parent=90794"}],"wp:term":[{"taxonomy":"product_brand","embeddable":true,"href":"https:\/\/relaxed-poincare.168-119-193-199.plesk.page\/en\/wp-json\/wp\/v2\/product_brand?post=90794"},{"taxonomy":"product_cat","embeddable":true,"href":"https:\/\/relaxed-poincare.168-119-193-199.plesk.page\/en\/wp-json\/wp\/v2\/product_cat?post=90794"},{"taxonomy":"product_tag","embeddable":true,"href":"https:\/\/relaxed-poincare.168-119-193-199.plesk.page\/en\/wp-json\/wp\/v2\/product_tag?post=90794"}],"curies":[{"name":"wp","href":"https:\/\/api.w.org\/{rel}","templated":true}]}}