{"id":90813,"date":"2026-04-17T01:02:51","date_gmt":"2026-04-17T00:02:51","guid":{"rendered":"https:\/\/relaxed-poincare.168-119-193-199.plesk.page\/?post_type=product&#038;p=90813"},"modified":"2026-04-17T01:03:25","modified_gmt":"2026-04-17T00:03:25","slug":"ad-1900-leche-corporal-hidratante-con-aloe-vera","status":"publish","type":"product","link":"https:\/\/relaxed-poincare.168-119-193-199.plesk.page\/en\/productos\/ad-1900-leche-corporal-hidratante-con-aloe-vera\/","title":{"rendered":"AD.1900 Leche corporal hidratante con aloe vera"},"content":{"rendered":"","protected":false},"excerpt":{"rendered":"<p class=\"p1\">Emulsi\u00f3n fluida rica en jugo de Aloe Vera, aceite de arg\u00e1n, extracto de cal\u00e9ndula y vitaminas. Hidratante y protector.<br \/>\nIndicada en pieles sensibles y secas.<br \/>\nSuaviza y regenera.<\/p>\n<p><strong>Modo de uso:<\/strong> Aplicar el producto sobre la piel limpia del cuerpo con un suave masaje hasta su total absorci\u00f3n, preferiblemente despu\u00e9s de la ducha o ba\u00f1o diarios.<\/p>\n<p class=\"p1\">ref. 180090 | 200 ml e 6,8 Fl. Oz.<\/p>\n","protected":false},"featured_media":90867,"comment_status":"open","ping_status":"closed","template":"","meta":{"_gspb_post_css":""},"product_brand":[],"product_cat":[88,105],"product_tag":[89],"class_list":{"0":"post-90813","1":"product","2":"type-product","3":"status-publish","4":"has-post-thumbnail","6":"product_cat-aloe-dreams","7":"product_cat-productos","8":"product_tag-aloe-dreams","10":"first","11":"instock","12":"taxable","13":"shipping-taxable","14":"purchasable","15":"product-type-simple"},"ct_brands":[],"_links":{"self":[{"href":"https:\/\/relaxed-poincare.168-119-193-199.plesk.page\/en\/wp-json\/wp\/v2\/product\/90813","targetHints":{"allow":["GET"]}}],"collection":[{"href":"https:\/\/relaxed-poincare.168-119-193-199.plesk.page\/en\/wp-json\/wp\/v2\/product"}],"about":[{"href":"https:\/\/relaxed-poincare.168-119-193-199.plesk.page\/en\/wp-json\/wp\/v2\/types\/product"}],"replies":[{"embeddable":true,"href":"https:\/\/relaxed-poincare.168-119-193-199.plesk.page\/en\/wp-json\/wp\/v2\/comments?post=90813"}],"wp:featuredmedia":[{"embeddable":true,"href":"https:\/\/relaxed-poincare.168-119-193-199.plesk.page\/en\/wp-json\/wp\/v2\/media\/90867"}],"wp:attachment":[{"href":"https:\/\/relaxed-poincare.168-119-193-199.plesk.page\/en\/wp-json\/wp\/v2\/media?parent=90813"}],"wp:term":[{"taxonomy":"product_brand","embeddable":true,"href":"https:\/\/relaxed-poincare.168-119-193-199.plesk.page\/en\/wp-json\/wp\/v2\/product_brand?post=90813"},{"taxonomy":"product_cat","embeddable":true,"href":"https:\/\/relaxed-poincare.168-119-193-199.plesk.page\/en\/wp-json\/wp\/v2\/product_cat?post=90813"},{"taxonomy":"product_tag","embeddable":true,"href":"https:\/\/relaxed-poincare.168-119-193-199.plesk.page\/en\/wp-json\/wp\/v2\/product_tag?post=90813"}],"curies":[{"name":"wp","href":"https:\/\/api.w.org\/{rel}","templated":true}]}}