{"id":90818,"date":"2026-04-17T01:02:51","date_gmt":"2026-04-17T00:02:51","guid":{"rendered":"https:\/\/relaxed-poincare.168-119-193-199.plesk.page\/?post_type=product&#038;p=90818"},"modified":"2026-04-17T01:03:32","modified_gmt":"2026-04-17T00:03:32","slug":"crema-antiarrugas-con-aloe-vera-baba-de-caracol-y-rosa-mosqueta","status":"publish","type":"product","link":"https:\/\/relaxed-poincare.168-119-193-199.plesk.page\/en\/productos\/crema-antiarrugas-con-aloe-vera-baba-de-caracol-y-rosa-mosqueta\/","title":{"rendered":"Crema antiarrugas con aloe vera, baba de caracol y rosa mosqueta"},"content":{"rendered":"","protected":false},"excerpt":{"rendered":"<p class=\"p1\">Aten\u00faa arrugas en pieles maduras y previene su aparici\u00f3n en pieles j\u00f3venes. Con Aloe Vera, rosa mosqueta y baba de caracol, fortalece contra el estr\u00e9s d\u00e9rmico y previene la aparici\u00f3n de manchas solares. Aporta firmeza y elasticidad.<\/p>\n<p><strong>Modo de uso:<\/strong> Aplicar diariamente por la noche en cara, cuello y escote, con suave masaje hasta su total absorci\u00f3n.<\/p>\n<p class=\"p1\">ref. 150020 | 100 ml e 3,4 Fl. Oz.<\/p>\n","protected":false},"featured_media":90874,"comment_status":"open","ping_status":"closed","template":"","meta":{"_gspb_post_css":""},"product_brand":[],"product_cat":[84,105],"product_tag":[73],"class_list":{"0":"post-90818","1":"product","2":"type-product","3":"status-publish","4":"has-post-thumbnail","6":"product_cat-babaloe","7":"product_cat-productos","8":"product_tag-babaloe","10":"first","11":"instock","12":"taxable","13":"shipping-taxable","14":"purchasable","15":"product-type-simple"},"ct_brands":[],"_links":{"self":[{"href":"https:\/\/relaxed-poincare.168-119-193-199.plesk.page\/en\/wp-json\/wp\/v2\/product\/90818","targetHints":{"allow":["GET"]}}],"collection":[{"href":"https:\/\/relaxed-poincare.168-119-193-199.plesk.page\/en\/wp-json\/wp\/v2\/product"}],"about":[{"href":"https:\/\/relaxed-poincare.168-119-193-199.plesk.page\/en\/wp-json\/wp\/v2\/types\/product"}],"replies":[{"embeddable":true,"href":"https:\/\/relaxed-poincare.168-119-193-199.plesk.page\/en\/wp-json\/wp\/v2\/comments?post=90818"}],"wp:featuredmedia":[{"embeddable":true,"href":"https:\/\/relaxed-poincare.168-119-193-199.plesk.page\/en\/wp-json\/wp\/v2\/media\/90874"}],"wp:attachment":[{"href":"https:\/\/relaxed-poincare.168-119-193-199.plesk.page\/en\/wp-json\/wp\/v2\/media?parent=90818"}],"wp:term":[{"taxonomy":"product_brand","embeddable":true,"href":"https:\/\/relaxed-poincare.168-119-193-199.plesk.page\/en\/wp-json\/wp\/v2\/product_brand?post=90818"},{"taxonomy":"product_cat","embeddable":true,"href":"https:\/\/relaxed-poincare.168-119-193-199.plesk.page\/en\/wp-json\/wp\/v2\/product_cat?post=90818"},{"taxonomy":"product_tag","embeddable":true,"href":"https:\/\/relaxed-poincare.168-119-193-199.plesk.page\/en\/wp-json\/wp\/v2\/product_tag?post=90818"}],"curies":[{"name":"wp","href":"https:\/\/api.w.org\/{rel}","templated":true}]}}