{"id":90819,"date":"2026-04-17T01:02:51","date_gmt":"2026-04-17T00:02:51","guid":{"rendered":"https:\/\/relaxed-poincare.168-119-193-199.plesk.page\/?post_type=product&#038;p=90819"},"modified":"2026-04-17T01:03:34","modified_gmt":"2026-04-17T00:03:34","slug":"aceite-de-rosa-mosqueta-100-puro","status":"publish","type":"product","link":"https:\/\/relaxed-poincare.168-119-193-199.plesk.page\/en\/productos\/aceite-de-rosa-mosqueta-100-puro\/","title":{"rendered":"Aceite de rosa mosqueta 100% puro"},"content":{"rendered":"<p><strong>Modo de uso:<\/strong> Aplicar una peque\u00f1a cantidad en cara, cuello y escote, dej\u00e1ndose penetrar hasta su completa absorci\u00f3n.<\/p>\n","protected":false},"excerpt":{"rendered":"<p class=\"p1\">La aplicaci\u00f3n continuada del aceite de rosa mosqueta ayuda de manera efectiva a atenuar cicatrices y arrugas no profundas retrasando el envejecimiento. Realiza acciones preventivas y correctivas al foto envejecimiento difuminando la sobre pigmentaci\u00f3n por exposici\u00f3n a las radiaciones solares.<\/p>\n<p class=\"p1\">ref. 150030 | 30 ml e 1 Fl. Oz.<\/p>\n","protected":false},"featured_media":90875,"comment_status":"open","ping_status":"closed","template":"","meta":{"_gspb_post_css":""},"product_brand":[],"product_cat":[100,105],"product_tag":[107],"class_list":{"0":"post-90819","1":"product","2":"type-product","3":"status-publish","4":"has-post-thumbnail","6":"product_cat-cosmo-basics","7":"product_cat-productos","8":"product_tag-cosmo-basics","10":"first","11":"instock","12":"taxable","13":"shipping-taxable","14":"purchasable","15":"product-type-simple"},"ct_brands":[],"_links":{"self":[{"href":"https:\/\/relaxed-poincare.168-119-193-199.plesk.page\/en\/wp-json\/wp\/v2\/product\/90819","targetHints":{"allow":["GET"]}}],"collection":[{"href":"https:\/\/relaxed-poincare.168-119-193-199.plesk.page\/en\/wp-json\/wp\/v2\/product"}],"about":[{"href":"https:\/\/relaxed-poincare.168-119-193-199.plesk.page\/en\/wp-json\/wp\/v2\/types\/product"}],"replies":[{"embeddable":true,"href":"https:\/\/relaxed-poincare.168-119-193-199.plesk.page\/en\/wp-json\/wp\/v2\/comments?post=90819"}],"wp:featuredmedia":[{"embeddable":true,"href":"https:\/\/relaxed-poincare.168-119-193-199.plesk.page\/en\/wp-json\/wp\/v2\/media\/90875"}],"wp:attachment":[{"href":"https:\/\/relaxed-poincare.168-119-193-199.plesk.page\/en\/wp-json\/wp\/v2\/media?parent=90819"}],"wp:term":[{"taxonomy":"product_brand","embeddable":true,"href":"https:\/\/relaxed-poincare.168-119-193-199.plesk.page\/en\/wp-json\/wp\/v2\/product_brand?post=90819"},{"taxonomy":"product_cat","embeddable":true,"href":"https:\/\/relaxed-poincare.168-119-193-199.plesk.page\/en\/wp-json\/wp\/v2\/product_cat?post=90819"},{"taxonomy":"product_tag","embeddable":true,"href":"https:\/\/relaxed-poincare.168-119-193-199.plesk.page\/en\/wp-json\/wp\/v2\/product_tag?post=90819"}],"curies":[{"name":"wp","href":"https:\/\/api.w.org\/{rel}","templated":true}]}}