{"id":90844,"date":"2026-04-17T01:03:13","date_gmt":"2026-04-17T00:03:13","guid":{"rendered":"https:\/\/relaxed-poincare.168-119-193-199.plesk.page\/?post_type=product&#038;p=90844"},"modified":"2026-04-17T01:03:39","modified_gmt":"2026-04-17T00:03:39","slug":"gel-contorno-de-ojos-y-labios","status":"publish","type":"product","link":"https:\/\/relaxed-poincare.168-119-193-199.plesk.page\/en\/productos\/gel-contorno-de-ojos-y-labios\/","title":{"rendered":"Gel Contorno de Ojos y Labios"},"content":{"rendered":"<p><strong>Modo de uso:<\/strong> Aplicar sobre del alrededor de los ojos, ma\u00f1ana y noche, con suaves toques hasta su absorci\u00f3n, evitando que el producto entre en contacto con los ojos.<\/p>\n","protected":false},"excerpt":{"rendered":"<p>Indicado para prevenir, atenuar y combatir las bolsas, l\u00edneas de expresi\u00f3n y arrugas que se forman alrededor de los ojos en todo tipo de pieles, incluso las m\u00e1s sensibles. Contiene algas marinas, agua termal, extracto de estrella de mar, minerales, oligoelementos, Aloe Vera, col\u00e1geno, centella asi\u00e1tica y 10 vitaminas.<\/p>\n<p class=\"p1\">ref. 160250 | 30 ml e 1 Fl. Oz.<\/p>\n","protected":false},"featured_media":90892,"comment_status":"open","ping_status":"closed","template":"","meta":{"_gspb_post_css":""},"product_brand":[],"product_cat":[589,226,105],"product_tag":[71],"class_list":{"0":"post-90844","1":"product","2":"type-product","3":"status-publish","4":"has-post-thumbnail","6":"product_cat-black-week","7":"product_cat-deluxe","8":"product_cat-productos","9":"product_tag-deluxe","11":"first","12":"instock","13":"taxable","14":"shipping-taxable","15":"purchasable","16":"product-type-simple"},"ct_brands":[],"_links":{"self":[{"href":"https:\/\/relaxed-poincare.168-119-193-199.plesk.page\/en\/wp-json\/wp\/v2\/product\/90844","targetHints":{"allow":["GET"]}}],"collection":[{"href":"https:\/\/relaxed-poincare.168-119-193-199.plesk.page\/en\/wp-json\/wp\/v2\/product"}],"about":[{"href":"https:\/\/relaxed-poincare.168-119-193-199.plesk.page\/en\/wp-json\/wp\/v2\/types\/product"}],"replies":[{"embeddable":true,"href":"https:\/\/relaxed-poincare.168-119-193-199.plesk.page\/en\/wp-json\/wp\/v2\/comments?post=90844"}],"wp:featuredmedia":[{"embeddable":true,"href":"https:\/\/relaxed-poincare.168-119-193-199.plesk.page\/en\/wp-json\/wp\/v2\/media\/90892"}],"wp:attachment":[{"href":"https:\/\/relaxed-poincare.168-119-193-199.plesk.page\/en\/wp-json\/wp\/v2\/media?parent=90844"}],"wp:term":[{"taxonomy":"product_brand","embeddable":true,"href":"https:\/\/relaxed-poincare.168-119-193-199.plesk.page\/en\/wp-json\/wp\/v2\/product_brand?post=90844"},{"taxonomy":"product_cat","embeddable":true,"href":"https:\/\/relaxed-poincare.168-119-193-199.plesk.page\/en\/wp-json\/wp\/v2\/product_cat?post=90844"},{"taxonomy":"product_tag","embeddable":true,"href":"https:\/\/relaxed-poincare.168-119-193-199.plesk.page\/en\/wp-json\/wp\/v2\/product_tag?post=90844"}],"curies":[{"name":"wp","href":"https:\/\/api.w.org\/{rel}","templated":true}]}}