{"id":90845,"date":"2026-04-17T01:03:13","date_gmt":"2026-04-17T00:03:13","guid":{"rendered":"https:\/\/relaxed-poincare.168-119-193-199.plesk.page\/?post_type=product&#038;p=90845"},"modified":"2026-04-17T01:03:40","modified_gmt":"2026-04-17T00:03:40","slug":"cremi-gel-piernas-cansadas","status":"publish","type":"product","link":"https:\/\/relaxed-poincare.168-119-193-199.plesk.page\/en\/productos\/cremi-gel-piernas-cansadas\/","title":{"rendered":"Cremi-gel piernas cansadas"},"content":{"rendered":"","protected":false},"excerpt":{"rendered":"<p class=\"p1\">Especialmente indicado para ayudar al bienestar de piernas, afectadas y doloridas por el estr\u00e9s y el cansancio. A trav\u00e9s de un ligero masaje aporta una gran sensaci\u00f3n de frescor y relax.<\/p>\n<p><strong>Modo de uso:<\/strong> Extender el producto en piernas, tobillos y pies realizando masajes ascendentes y descendentes hasta su completa absorci\u00f3n.<\/p>\n<p class=\"p1\">ref. 160300 | 250 ml e 8,4 Fl. Oz.<\/p>\n","protected":false},"featured_media":90893,"comment_status":"open","ping_status":"closed","template":"","meta":{"_gspb_post_css":""},"product_brand":[],"product_cat":[237,105],"product_tag":[104],"class_list":{"0":"post-90845","1":"product","2":"type-product","3":"status-publish","4":"has-post-thumbnail","6":"product_cat-cosmo-massage","7":"product_cat-productos","8":"product_tag-cosmo-massage","10":"first","11":"instock","12":"taxable","13":"shipping-taxable","14":"purchasable","15":"product-type-simple"},"ct_brands":[],"_links":{"self":[{"href":"https:\/\/relaxed-poincare.168-119-193-199.plesk.page\/en\/wp-json\/wp\/v2\/product\/90845","targetHints":{"allow":["GET"]}}],"collection":[{"href":"https:\/\/relaxed-poincare.168-119-193-199.plesk.page\/en\/wp-json\/wp\/v2\/product"}],"about":[{"href":"https:\/\/relaxed-poincare.168-119-193-199.plesk.page\/en\/wp-json\/wp\/v2\/types\/product"}],"replies":[{"embeddable":true,"href":"https:\/\/relaxed-poincare.168-119-193-199.plesk.page\/en\/wp-json\/wp\/v2\/comments?post=90845"}],"wp:featuredmedia":[{"embeddable":true,"href":"https:\/\/relaxed-poincare.168-119-193-199.plesk.page\/en\/wp-json\/wp\/v2\/media\/90893"}],"wp:attachment":[{"href":"https:\/\/relaxed-poincare.168-119-193-199.plesk.page\/en\/wp-json\/wp\/v2\/media?parent=90845"}],"wp:term":[{"taxonomy":"product_brand","embeddable":true,"href":"https:\/\/relaxed-poincare.168-119-193-199.plesk.page\/en\/wp-json\/wp\/v2\/product_brand?post=90845"},{"taxonomy":"product_cat","embeddable":true,"href":"https:\/\/relaxed-poincare.168-119-193-199.plesk.page\/en\/wp-json\/wp\/v2\/product_cat?post=90845"},{"taxonomy":"product_tag","embeddable":true,"href":"https:\/\/relaxed-poincare.168-119-193-199.plesk.page\/en\/wp-json\/wp\/v2\/product_tag?post=90845"}],"curies":[{"name":"wp","href":"https:\/\/api.w.org\/{rel}","templated":true}]}}