{"id":90850,"date":"2026-04-17T01:03:13","date_gmt":"2026-04-17T00:03:13","guid":{"rendered":"https:\/\/relaxed-poincare.168-119-193-199.plesk.page\/?post_type=product&#038;p=90850"},"modified":"2026-04-17T01:07:31","modified_gmt":"2026-04-17T00:07:31","slug":"crema-antiedad-celulas-madre-de-aloe-vera-fps-15","status":"publish","type":"product","link":"https:\/\/relaxed-poincare.168-119-193-199.plesk.page\/en\/productos\/crema-antiedad-celulas-madre-de-aloe-vera-fps-15\/","title":{"rendered":"Crema antiedad c\u00e9lulas madre de aloe vera FPS 15"},"content":{"rendered":"<p><strong>Modo de uso:<\/strong> Aplicar suavemente por la ma\u00f1ana y\/o por la noche, distribuy\u00e9ndola uniformemente sobre la piel hasta su total absorci\u00f3n.<\/p>\n","protected":false},"excerpt":{"rendered":"<p>A partir de c\u00e9lulas madre del Aloe Vera.<br \/>\nEstimula la formaci\u00f3n y producci\u00f3n de nuevas c\u00e9lulas de la piel que fomentan el col\u00e1geno natural y reducen l\u00edneas de expresi\u00f3n. Rica en enzimas, vitaminas, prote\u00ednas y minerales, dejando la piel suave y firme. Previene la irritaci\u00f3n y la aparici\u00f3n de arrugas prematuras. Con FPS 15.<br \/>\n<strong>Modo de uso:<\/strong> Aplicar suavemente por la ma\u00f1ana y\/o por la noche, distribuy\u00e9ndola uniformemente sobre la piel hasta su total absorci\u00f3n.<\/p>\n","protected":false},"featured_media":90900,"comment_status":"open","ping_status":"closed","template":"","meta":{"_gspb_post_css":""},"product_brand":[],"product_cat":[239,105],"product_tag":[103],"class_list":{"0":"post-90850","1":"product","2":"type-product","3":"status-publish","4":"has-post-thumbnail","6":"product_cat-cosmo-treatment","7":"product_cat-productos","8":"product_tag-cosmo-treatment","10":"first","11":"instock","12":"taxable","13":"shipping-taxable","14":"purchasable","15":"product-type-variable"},"ct_brands":[],"_links":{"self":[{"href":"https:\/\/relaxed-poincare.168-119-193-199.plesk.page\/en\/wp-json\/wp\/v2\/product\/90850","targetHints":{"allow":["GET"]}}],"collection":[{"href":"https:\/\/relaxed-poincare.168-119-193-199.plesk.page\/en\/wp-json\/wp\/v2\/product"}],"about":[{"href":"https:\/\/relaxed-poincare.168-119-193-199.plesk.page\/en\/wp-json\/wp\/v2\/types\/product"}],"replies":[{"embeddable":true,"href":"https:\/\/relaxed-poincare.168-119-193-199.plesk.page\/en\/wp-json\/wp\/v2\/comments?post=90850"}],"wp:featuredmedia":[{"embeddable":true,"href":"https:\/\/relaxed-poincare.168-119-193-199.plesk.page\/en\/wp-json\/wp\/v2\/media\/90900"}],"wp:attachment":[{"href":"https:\/\/relaxed-poincare.168-119-193-199.plesk.page\/en\/wp-json\/wp\/v2\/media?parent=90850"}],"wp:term":[{"taxonomy":"product_brand","embeddable":true,"href":"https:\/\/relaxed-poincare.168-119-193-199.plesk.page\/en\/wp-json\/wp\/v2\/product_brand?post=90850"},{"taxonomy":"product_cat","embeddable":true,"href":"https:\/\/relaxed-poincare.168-119-193-199.plesk.page\/en\/wp-json\/wp\/v2\/product_cat?post=90850"},{"taxonomy":"product_tag","embeddable":true,"href":"https:\/\/relaxed-poincare.168-119-193-199.plesk.page\/en\/wp-json\/wp\/v2\/product_tag?post=90850"}],"curies":[{"name":"wp","href":"https:\/\/api.w.org\/{rel}","templated":true}]}}