{"id":90852,"date":"2026-04-17T01:03:13","date_gmt":"2026-04-17T00:03:13","guid":{"rendered":"https:\/\/relaxed-poincare.168-119-193-199.plesk.page\/?post_type=product&#038;p=90852"},"modified":"2026-04-17T01:03:52","modified_gmt":"2026-04-17T00:03:52","slug":"diamond-essence-serum-tratamiento-antiedad","status":"publish","type":"product","link":"https:\/\/relaxed-poincare.168-119-193-199.plesk.page\/en\/productos\/diamond-essence-serum-tratamiento-antiedad\/","title":{"rendered":"Diamond Essence S\u00e9rum Tratamiento Antiedad"},"content":{"rendered":"<p><strong>Modo de uso:<\/strong> Dispensar una peque\u00f1a cantidad de producto sobre los dedos. Extender con un ligero masaje sobre la piel limpia del rostro, cuello y escote.<\/p>\n","protected":false},"excerpt":{"rendered":"<p class=\"p2\">Serum antiedad de uso diario.<br \/>\nCon Elastina, Col\u00e1geno, \u00c1cido Hialur\u00f3nico,<br \/>\nCoenzima Q10, Vitaminas y factores regeneradores que estimulan la renovaci\u00f3n celular y favorecen la producci\u00f3n de col\u00e1geno, al mismo tiempo que protegen las capas de la piel.<\/p>\n<p class=\"p2\">Con FPS 10.<\/p>\n<p class=\"p2\">ref. 170440 | 35 ml e 1,7 Fl. Oz.<\/p>\n","protected":false},"featured_media":90903,"comment_status":"open","ping_status":"closed","template":"","meta":{"_gspb_post_css":""},"product_brand":[],"product_cat":[226,105],"product_tag":[71],"class_list":{"0":"post-90852","1":"product","2":"type-product","3":"status-publish","4":"has-post-thumbnail","6":"product_cat-deluxe","7":"product_cat-productos","8":"product_tag-deluxe","10":"first","11":"instock","12":"taxable","13":"shipping-taxable","14":"purchasable","15":"product-type-simple"},"ct_brands":[],"_links":{"self":[{"href":"https:\/\/relaxed-poincare.168-119-193-199.plesk.page\/en\/wp-json\/wp\/v2\/product\/90852","targetHints":{"allow":["GET"]}}],"collection":[{"href":"https:\/\/relaxed-poincare.168-119-193-199.plesk.page\/en\/wp-json\/wp\/v2\/product"}],"about":[{"href":"https:\/\/relaxed-poincare.168-119-193-199.plesk.page\/en\/wp-json\/wp\/v2\/types\/product"}],"replies":[{"embeddable":true,"href":"https:\/\/relaxed-poincare.168-119-193-199.plesk.page\/en\/wp-json\/wp\/v2\/comments?post=90852"}],"wp:featuredmedia":[{"embeddable":true,"href":"https:\/\/relaxed-poincare.168-119-193-199.plesk.page\/en\/wp-json\/wp\/v2\/media\/90903"}],"wp:attachment":[{"href":"https:\/\/relaxed-poincare.168-119-193-199.plesk.page\/en\/wp-json\/wp\/v2\/media?parent=90852"}],"wp:term":[{"taxonomy":"product_brand","embeddable":true,"href":"https:\/\/relaxed-poincare.168-119-193-199.plesk.page\/en\/wp-json\/wp\/v2\/product_brand?post=90852"},{"taxonomy":"product_cat","embeddable":true,"href":"https:\/\/relaxed-poincare.168-119-193-199.plesk.page\/en\/wp-json\/wp\/v2\/product_cat?post=90852"},{"taxonomy":"product_tag","embeddable":true,"href":"https:\/\/relaxed-poincare.168-119-193-199.plesk.page\/en\/wp-json\/wp\/v2\/product_tag?post=90852"}],"curies":[{"name":"wp","href":"https:\/\/api.w.org\/{rel}","templated":true}]}}