{"id":90853,"date":"2026-04-17T01:03:13","date_gmt":"2026-04-17T00:03:13","guid":{"rendered":"https:\/\/relaxed-poincare.168-119-193-199.plesk.page\/?post_type=product&#038;p=90853"},"modified":"2026-04-17T01:03:53","modified_gmt":"2026-04-17T00:03:53","slug":"aceite-sun-kissed-fps-30","status":"publish","type":"product","link":"https:\/\/relaxed-poincare.168-119-193-199.plesk.page\/en\/productos\/aceite-sun-kissed-fps-30\/","title":{"rendered":"Aceite sun-kissed FPS 30"},"content":{"rendered":"<p><strong>Modo de uso:<\/strong> Aplicar sobre la piel previamente a la exposici\u00f3n al sol.<\/p>\n","protected":false},"excerpt":{"rendered":"<p>Protege de rayos ultravioleta y deja la piel hidratada. Sus aceites combinados de rosa mosqueta, arg\u00e1n, zanahoria, manteca de karit\u00e9 y almendras, entre otros, proporcionan un bronceado natural con peque\u00f1os destellos dorados, para un resultado radiante.<\/p>\n<p>FPS 30.<\/p>\n<p class=\"p1\">\u00a0ref. 170610 | 50 ml e 1,7 Fl. Oz.<\/p>\n","protected":false},"featured_media":90905,"comment_status":"open","ping_status":"closed","template":"","meta":{"_gspb_post_css":""},"product_brand":[],"product_cat":[238,105],"product_tag":[101],"class_list":{"0":"post-90853","1":"product","2":"type-product","3":"status-publish","4":"has-post-thumbnail","6":"product_cat-cosmo-summer","7":"product_cat-productos","8":"product_tag-cosmo-summer","10":"first","11":"instock","12":"taxable","13":"shipping-taxable","14":"purchasable","15":"product-type-simple"},"ct_brands":[],"_links":{"self":[{"href":"https:\/\/relaxed-poincare.168-119-193-199.plesk.page\/en\/wp-json\/wp\/v2\/product\/90853","targetHints":{"allow":["GET"]}}],"collection":[{"href":"https:\/\/relaxed-poincare.168-119-193-199.plesk.page\/en\/wp-json\/wp\/v2\/product"}],"about":[{"href":"https:\/\/relaxed-poincare.168-119-193-199.plesk.page\/en\/wp-json\/wp\/v2\/types\/product"}],"replies":[{"embeddable":true,"href":"https:\/\/relaxed-poincare.168-119-193-199.plesk.page\/en\/wp-json\/wp\/v2\/comments?post=90853"}],"wp:featuredmedia":[{"embeddable":true,"href":"https:\/\/relaxed-poincare.168-119-193-199.plesk.page\/en\/wp-json\/wp\/v2\/media\/90905"}],"wp:attachment":[{"href":"https:\/\/relaxed-poincare.168-119-193-199.plesk.page\/en\/wp-json\/wp\/v2\/media?parent=90853"}],"wp:term":[{"taxonomy":"product_brand","embeddable":true,"href":"https:\/\/relaxed-poincare.168-119-193-199.plesk.page\/en\/wp-json\/wp\/v2\/product_brand?post=90853"},{"taxonomy":"product_cat","embeddable":true,"href":"https:\/\/relaxed-poincare.168-119-193-199.plesk.page\/en\/wp-json\/wp\/v2\/product_cat?post=90853"},{"taxonomy":"product_tag","embeddable":true,"href":"https:\/\/relaxed-poincare.168-119-193-199.plesk.page\/en\/wp-json\/wp\/v2\/product_tag?post=90853"}],"curies":[{"name":"wp","href":"https:\/\/api.w.org\/{rel}","templated":true}]}}