{"id":90855,"date":"2026-04-17T01:03:13","date_gmt":"2026-04-17T00:03:13","guid":{"rendered":"https:\/\/relaxed-poincare.168-119-193-199.plesk.page\/?post_type=product&#038;p=90855"},"modified":"2026-04-17T01:03:55","modified_gmt":"2026-04-17T00:03:55","slug":"cannaloe-1100-crema-efecto-calor-con-canamo-y-aloe-vera","status":"publish","type":"product","link":"https:\/\/relaxed-poincare.168-119-193-199.plesk.page\/en\/productos\/cannaloe-1100-crema-efecto-calor-con-canamo-y-aloe-vera\/","title":{"rendered":"Cannaloe 1100 crema efecto calor con c\u00e1\u00f1amo y aloe vera"},"content":{"rendered":"","protected":false},"excerpt":{"rendered":"<p class=\"p1\">Aporta una agradable sensaci\u00f3n de calma y relajaci\u00f3n mediante el masaje. Su efecto calor ayuda a aliviar el cansancio y molestias musculares.<\/p>\n<p><strong>Modo de uso:<\/strong> Aplicar en la zona a tratar con suave masaje hasta su total absorci\u00f3n. Evitar el contacto con ojos y mucosas. Lavar las manos despu\u00e9s de su aplicaci\u00f3n.<\/p>\n<p class=\"p1\">ref. 260010 | 100 ml e 3,4 Fl. Oz.<\/p>\n","protected":false},"featured_media":90907,"comment_status":"open","ping_status":"closed","template":"","meta":{"_gspb_post_css":""},"product_brand":[],"product_cat":[225,105],"product_tag":[77],"class_list":{"0":"post-90855","1":"product","2":"type-product","3":"status-publish","4":"has-post-thumbnail","6":"product_cat-cannaloe","7":"product_cat-productos","8":"product_tag-cannaloe","10":"first","11":"instock","12":"taxable","13":"shipping-taxable","14":"purchasable","15":"product-type-simple"},"ct_brands":[],"_links":{"self":[{"href":"https:\/\/relaxed-poincare.168-119-193-199.plesk.page\/en\/wp-json\/wp\/v2\/product\/90855","targetHints":{"allow":["GET"]}}],"collection":[{"href":"https:\/\/relaxed-poincare.168-119-193-199.plesk.page\/en\/wp-json\/wp\/v2\/product"}],"about":[{"href":"https:\/\/relaxed-poincare.168-119-193-199.plesk.page\/en\/wp-json\/wp\/v2\/types\/product"}],"replies":[{"embeddable":true,"href":"https:\/\/relaxed-poincare.168-119-193-199.plesk.page\/en\/wp-json\/wp\/v2\/comments?post=90855"}],"wp:featuredmedia":[{"embeddable":true,"href":"https:\/\/relaxed-poincare.168-119-193-199.plesk.page\/en\/wp-json\/wp\/v2\/media\/90907"}],"wp:attachment":[{"href":"https:\/\/relaxed-poincare.168-119-193-199.plesk.page\/en\/wp-json\/wp\/v2\/media?parent=90855"}],"wp:term":[{"taxonomy":"product_brand","embeddable":true,"href":"https:\/\/relaxed-poincare.168-119-193-199.plesk.page\/en\/wp-json\/wp\/v2\/product_brand?post=90855"},{"taxonomy":"product_cat","embeddable":true,"href":"https:\/\/relaxed-poincare.168-119-193-199.plesk.page\/en\/wp-json\/wp\/v2\/product_cat?post=90855"},{"taxonomy":"product_tag","embeddable":true,"href":"https:\/\/relaxed-poincare.168-119-193-199.plesk.page\/en\/wp-json\/wp\/v2\/product_tag?post=90855"}],"curies":[{"name":"wp","href":"https:\/\/api.w.org\/{rel}","templated":true}]}}