{"id":90856,"date":"2026-04-17T01:03:13","date_gmt":"2026-04-17T00:03:13","guid":{"rendered":"https:\/\/relaxed-poincare.168-119-193-199.plesk.page\/?post_type=product&#038;p=90856"},"modified":"2026-04-17T01:03:58","modified_gmt":"2026-04-17T00:03:58","slug":"diamond-night-total-repair-crema-tratamiento-antiedad","status":"publish","type":"product","link":"https:\/\/relaxed-poincare.168-119-193-199.plesk.page\/en\/productos\/diamond-night-total-repair-crema-tratamiento-antiedad\/","title":{"rendered":"Diamond night total repair crema tratamiento antiedad"},"content":{"rendered":"<p><strong>Modo de uso:<\/strong> Aplicar por la noche, haci\u00e9ndola penetrar mediante ligero masaje.<\/p>\n","protected":false},"excerpt":{"rendered":"<p>Act\u00faa durante las horas de sue\u00f1o.<br \/>\nRepara da\u00f1os sufridos durante el d\u00eda, por radiaciones, poluci\u00f3n o radicales libres. Cutis descansado, regenerado y revitalizado. Con prote\u00ednas vegetales, ricas en tript\u00f3fano, un complejo hidroactivo, vitaminas A, B, C, E y elementos minerales de arcillas ricas en magnesio.<\/p>\n<p class=\"p1\">ref. 170445 | 50 ml e 1,7 Fl. Oz.<\/p>\n","protected":false},"featured_media":90924,"comment_status":"open","ping_status":"closed","template":"","meta":{"_gspb_post_css":""},"product_brand":[],"product_cat":[83,105],"product_tag":[71],"class_list":{"0":"post-90856","1":"product","2":"type-product","3":"status-publish","4":"has-post-thumbnail","6":"product_cat-deluxe","7":"product_cat-productos","8":"product_tag-deluxe","10":"first","11":"instock","12":"taxable","13":"shipping-taxable","14":"purchasable","15":"product-type-simple"},"ct_brands":[],"_links":{"self":[{"href":"https:\/\/relaxed-poincare.168-119-193-199.plesk.page\/en\/wp-json\/wp\/v2\/product\/90856","targetHints":{"allow":["GET"]}}],"collection":[{"href":"https:\/\/relaxed-poincare.168-119-193-199.plesk.page\/en\/wp-json\/wp\/v2\/product"}],"about":[{"href":"https:\/\/relaxed-poincare.168-119-193-199.plesk.page\/en\/wp-json\/wp\/v2\/types\/product"}],"replies":[{"embeddable":true,"href":"https:\/\/relaxed-poincare.168-119-193-199.plesk.page\/en\/wp-json\/wp\/v2\/comments?post=90856"}],"wp:featuredmedia":[{"embeddable":true,"href":"https:\/\/relaxed-poincare.168-119-193-199.plesk.page\/en\/wp-json\/wp\/v2\/media\/90924"}],"wp:attachment":[{"href":"https:\/\/relaxed-poincare.168-119-193-199.plesk.page\/en\/wp-json\/wp\/v2\/media?parent=90856"}],"wp:term":[{"taxonomy":"product_brand","embeddable":true,"href":"https:\/\/relaxed-poincare.168-119-193-199.plesk.page\/en\/wp-json\/wp\/v2\/product_brand?post=90856"},{"taxonomy":"product_cat","embeddable":true,"href":"https:\/\/relaxed-poincare.168-119-193-199.plesk.page\/en\/wp-json\/wp\/v2\/product_cat?post=90856"},{"taxonomy":"product_tag","embeddable":true,"href":"https:\/\/relaxed-poincare.168-119-193-199.plesk.page\/en\/wp-json\/wp\/v2\/product_tag?post=90856"}],"curies":[{"name":"wp","href":"https:\/\/api.w.org\/{rel}","templated":true}]}}