{"id":90880,"date":"2026-04-17T01:03:34","date_gmt":"2026-04-17T00:03:34","guid":{"rendered":"https:\/\/relaxed-poincare.168-119-193-199.plesk.page\/?post_type=product&#038;p=90880"},"modified":"2026-04-17T01:04:05","modified_gmt":"2026-04-17T00:04:05","slug":"ad-1030-crema-cara-y-cuerpo-con-aceite-de-canamo-y-aloe-vera","status":"publish","type":"product","link":"https:\/\/relaxed-poincare.168-119-193-199.plesk.page\/en\/productos\/ad-1030-crema-cara-y-cuerpo-con-aceite-de-canamo-y-aloe-vera\/","title":{"rendered":"AD. 1030 Crema Cara y Cuerpo con Aceite de C\u00e1\u00f1amo y Aloe Vera"},"content":{"rendered":"<p><strong>Modo de uso:<\/strong> Aplicar diariamente despu\u00e9s de la ducha.<\/p>\n","protected":false},"excerpt":{"rendered":"<p>Con Aloe Vera y aceite de c\u00e1\u00f1amo (0% THC) con \u00e1cidos grasos, vitamina E, sales minerales yantioxidantes.<br \/>\nPara todo tipo de pieles, sobre todo sensibles.<\/p>\n<p>ref. 180160 | 300 ml e 10,1 Fl. Oz.<\/p>\n","protected":false},"featured_media":90932,"comment_status":"open","ping_status":"closed","template":"","meta":{"_gspb_post_css":""},"product_brand":[],"product_cat":[88,105],"product_tag":[89],"class_list":{"0":"post-90880","1":"product","2":"type-product","3":"status-publish","4":"has-post-thumbnail","6":"product_cat-aloe-dreams","7":"product_cat-productos","8":"product_tag-aloe-dreams","10":"first","11":"instock","12":"taxable","13":"shipping-taxable","14":"purchasable","15":"product-type-simple"},"ct_brands":[],"_links":{"self":[{"href":"https:\/\/relaxed-poincare.168-119-193-199.plesk.page\/en\/wp-json\/wp\/v2\/product\/90880","targetHints":{"allow":["GET"]}}],"collection":[{"href":"https:\/\/relaxed-poincare.168-119-193-199.plesk.page\/en\/wp-json\/wp\/v2\/product"}],"about":[{"href":"https:\/\/relaxed-poincare.168-119-193-199.plesk.page\/en\/wp-json\/wp\/v2\/types\/product"}],"replies":[{"embeddable":true,"href":"https:\/\/relaxed-poincare.168-119-193-199.plesk.page\/en\/wp-json\/wp\/v2\/comments?post=90880"}],"wp:featuredmedia":[{"embeddable":true,"href":"https:\/\/relaxed-poincare.168-119-193-199.plesk.page\/en\/wp-json\/wp\/v2\/media\/90932"}],"wp:attachment":[{"href":"https:\/\/relaxed-poincare.168-119-193-199.plesk.page\/en\/wp-json\/wp\/v2\/media?parent=90880"}],"wp:term":[{"taxonomy":"product_brand","embeddable":true,"href":"https:\/\/relaxed-poincare.168-119-193-199.plesk.page\/en\/wp-json\/wp\/v2\/product_brand?post=90880"},{"taxonomy":"product_cat","embeddable":true,"href":"https:\/\/relaxed-poincare.168-119-193-199.plesk.page\/en\/wp-json\/wp\/v2\/product_cat?post=90880"},{"taxonomy":"product_tag","embeddable":true,"href":"https:\/\/relaxed-poincare.168-119-193-199.plesk.page\/en\/wp-json\/wp\/v2\/product_tag?post=90880"}],"curies":[{"name":"wp","href":"https:\/\/api.w.org\/{rel}","templated":true}]}}