{"id":90881,"date":"2026-04-17T01:03:34","date_gmt":"2026-04-17T00:03:34","guid":{"rendered":"https:\/\/relaxed-poincare.168-119-193-199.plesk.page\/?post_type=product&#038;p=90881"},"modified":"2026-04-17T01:04:06","modified_gmt":"2026-04-17T00:04:06","slug":"ad-1050-crema-facial-con-aceite-de-coco-y-aloe-vera","status":"publish","type":"product","link":"https:\/\/relaxed-poincare.168-119-193-199.plesk.page\/en\/productos\/ad-1050-crema-facial-con-aceite-de-coco-y-aloe-vera\/","title":{"rendered":"AD. 1050 Crema facial con aceite de coco y aloe vera"},"content":{"rendered":"","protected":false},"excerpt":{"rendered":"<p class=\"p1\">Con Aloe Vera y aceite de coco. Con \u00e1cidos grasos, vitaminas y antioxidantes, que suavizan, aportando hidrataci\u00f3n y nutrici\u00f3n.<br \/>\nPara todo tipo de pieles.<\/p>\n<p><strong>Modo de uso:<\/strong> Aplicar sobre la piel limpia del rostro, cuello y escote con un suave masaje hasta su total absorci\u00f3n.<\/p>\n<p class=\"p1\">ref. 180180 | 100 ml e 3,4 Fl. Oz.<\/p>\n","protected":false},"featured_media":90933,"comment_status":"open","ping_status":"closed","template":"","meta":{"_gspb_post_css":""},"product_brand":[],"product_cat":[88,105],"product_tag":[89],"class_list":{"0":"post-90881","1":"product","2":"type-product","3":"status-publish","4":"has-post-thumbnail","6":"product_cat-aloe-dreams","7":"product_cat-productos","8":"product_tag-aloe-dreams","10":"first","11":"instock","12":"taxable","13":"shipping-taxable","14":"purchasable","15":"product-type-simple"},"ct_brands":[],"_links":{"self":[{"href":"https:\/\/relaxed-poincare.168-119-193-199.plesk.page\/en\/wp-json\/wp\/v2\/product\/90881","targetHints":{"allow":["GET"]}}],"collection":[{"href":"https:\/\/relaxed-poincare.168-119-193-199.plesk.page\/en\/wp-json\/wp\/v2\/product"}],"about":[{"href":"https:\/\/relaxed-poincare.168-119-193-199.plesk.page\/en\/wp-json\/wp\/v2\/types\/product"}],"replies":[{"embeddable":true,"href":"https:\/\/relaxed-poincare.168-119-193-199.plesk.page\/en\/wp-json\/wp\/v2\/comments?post=90881"}],"wp:featuredmedia":[{"embeddable":true,"href":"https:\/\/relaxed-poincare.168-119-193-199.plesk.page\/en\/wp-json\/wp\/v2\/media\/90933"}],"wp:attachment":[{"href":"https:\/\/relaxed-poincare.168-119-193-199.plesk.page\/en\/wp-json\/wp\/v2\/media?parent=90881"}],"wp:term":[{"taxonomy":"product_brand","embeddable":true,"href":"https:\/\/relaxed-poincare.168-119-193-199.plesk.page\/en\/wp-json\/wp\/v2\/product_brand?post=90881"},{"taxonomy":"product_cat","embeddable":true,"href":"https:\/\/relaxed-poincare.168-119-193-199.plesk.page\/en\/wp-json\/wp\/v2\/product_cat?post=90881"},{"taxonomy":"product_tag","embeddable":true,"href":"https:\/\/relaxed-poincare.168-119-193-199.plesk.page\/en\/wp-json\/wp\/v2\/product_tag?post=90881"}],"curies":[{"name":"wp","href":"https:\/\/api.w.org\/{rel}","templated":true}]}}