{"id":90884,"date":"2026-04-17T01:03:34","date_gmt":"2026-04-17T00:03:34","guid":{"rendered":"https:\/\/relaxed-poincare.168-119-193-199.plesk.page\/?post_type=product&#038;p=90884"},"modified":"2026-04-17T01:04:09","modified_gmt":"2026-04-17T00:04:09","slug":"cannaloe-2400-confort-canamo-y-aloe-vera-efecto-frio-calor","status":"publish","type":"product","link":"https:\/\/relaxed-poincare.168-119-193-199.plesk.page\/en\/productos\/cannaloe-2400-confort-canamo-y-aloe-vera-efecto-frio-calor\/","title":{"rendered":"Cannaloe 2400 confort c\u00e1\u00f1amo y aloe vera efecto fr\u00edo-calor"},"content":{"rendered":"","protected":false},"excerpt":{"rendered":"<p class=\"p1\">Cremigel de efecto fr\u00edo y calor.<br \/>\nA base de aceite de c\u00e1\u00f1amo con CBD, Aloe Vera, mentol, eucalipto, silicio, extracto de amapola, \u00e1rnica y vitaminas. Ayuda en la relajaci\u00f3n muscular provocada por contracturas, golpes o inflamaciones por sobre esfuerzo.<\/p>\n<p><strong>Modo de uso:<\/strong> Aplicar sobre la piel haci\u00e9ndolo penetrar mediante suave masaje.<\/p>\n<p class=\"p1\">ref. 260140 | 100 ml e 3,4 Fl. Oz.<\/p>\n","protected":false},"featured_media":90936,"comment_status":"open","ping_status":"closed","template":"","meta":{"_gspb_post_css":""},"product_brand":[],"product_cat":[79,105],"product_tag":[77],"class_list":{"0":"post-90884","1":"product","2":"type-product","3":"status-publish","4":"has-post-thumbnail","6":"product_cat-cannaloe","7":"product_cat-productos","8":"product_tag-cannaloe","10":"first","11":"instock","12":"taxable","13":"shipping-taxable","14":"purchasable","15":"product-type-simple"},"ct_brands":[],"_links":{"self":[{"href":"https:\/\/relaxed-poincare.168-119-193-199.plesk.page\/en\/wp-json\/wp\/v2\/product\/90884","targetHints":{"allow":["GET"]}}],"collection":[{"href":"https:\/\/relaxed-poincare.168-119-193-199.plesk.page\/en\/wp-json\/wp\/v2\/product"}],"about":[{"href":"https:\/\/relaxed-poincare.168-119-193-199.plesk.page\/en\/wp-json\/wp\/v2\/types\/product"}],"replies":[{"embeddable":true,"href":"https:\/\/relaxed-poincare.168-119-193-199.plesk.page\/en\/wp-json\/wp\/v2\/comments?post=90884"}],"wp:featuredmedia":[{"embeddable":true,"href":"https:\/\/relaxed-poincare.168-119-193-199.plesk.page\/en\/wp-json\/wp\/v2\/media\/90936"}],"wp:attachment":[{"href":"https:\/\/relaxed-poincare.168-119-193-199.plesk.page\/en\/wp-json\/wp\/v2\/media?parent=90884"}],"wp:term":[{"taxonomy":"product_brand","embeddable":true,"href":"https:\/\/relaxed-poincare.168-119-193-199.plesk.page\/en\/wp-json\/wp\/v2\/product_brand?post=90884"},{"taxonomy":"product_cat","embeddable":true,"href":"https:\/\/relaxed-poincare.168-119-193-199.plesk.page\/en\/wp-json\/wp\/v2\/product_cat?post=90884"},{"taxonomy":"product_tag","embeddable":true,"href":"https:\/\/relaxed-poincare.168-119-193-199.plesk.page\/en\/wp-json\/wp\/v2\/product_tag?post=90884"}],"curies":[{"name":"wp","href":"https:\/\/api.w.org\/{rel}","templated":true}]}}