{"id":90885,"date":"2026-04-17T01:03:34","date_gmt":"2026-04-17T00:03:34","guid":{"rendered":"https:\/\/relaxed-poincare.168-119-193-199.plesk.page\/?post_type=product&#038;p=90885"},"modified":"2026-04-17T01:04:10","modified_gmt":"2026-04-17T00:04:10","slug":"jabon-rosa-de-mosqueta-y-aloe-vera-glicerina","status":"publish","type":"product","link":"https:\/\/relaxed-poincare.168-119-193-199.plesk.page\/en\/productos\/jabon-rosa-de-mosqueta-y-aloe-vera-glicerina\/","title":{"rendered":"Jab\u00f3n rosa de mosqueta y aloe vera glicerina"},"content":{"rendered":"<p>&nbsp;<\/p>\n<p>&nbsp;<\/p>\n<p>&nbsp;<\/p>\n","protected":false},"excerpt":{"rendered":"<p class=\"p1\">Jab\u00f3n suave de tocador indicado para todo tipo de pieles, pero especialmente para las m\u00e1s sensibles, secas y da\u00f1adas por los factores medioambientales.<\/p>\n<p><strong>Modo de Uso: <\/strong>Frotar el jab\u00f3n entre las manos h\u00famedas, o en la piel de la zona que se desee, hasta crear una espuma cremosa. Frotar suavemente y aclarar con abundante agua.<\/p>\n<p class=\"p1\">ref. 10785 | 125 ml e 4,2 Fl. Oz.<\/p>\n","protected":false},"featured_media":90937,"comment_status":"open","ping_status":"closed","template":"","meta":{"_gspb_post_css":""},"product_brand":[],"product_cat":[97,105],"product_tag":[106],"class_list":{"0":"post-90885","1":"product","2":"type-product","3":"status-publish","4":"has-post-thumbnail","6":"product_cat-cosmo-purify","7":"product_cat-productos","8":"product_tag-cosmo-purify","10":"first","11":"instock","12":"taxable","13":"shipping-taxable","14":"purchasable","15":"product-type-simple"},"ct_brands":[],"_links":{"self":[{"href":"https:\/\/relaxed-poincare.168-119-193-199.plesk.page\/en\/wp-json\/wp\/v2\/product\/90885","targetHints":{"allow":["GET"]}}],"collection":[{"href":"https:\/\/relaxed-poincare.168-119-193-199.plesk.page\/en\/wp-json\/wp\/v2\/product"}],"about":[{"href":"https:\/\/relaxed-poincare.168-119-193-199.plesk.page\/en\/wp-json\/wp\/v2\/types\/product"}],"replies":[{"embeddable":true,"href":"https:\/\/relaxed-poincare.168-119-193-199.plesk.page\/en\/wp-json\/wp\/v2\/comments?post=90885"}],"wp:featuredmedia":[{"embeddable":true,"href":"https:\/\/relaxed-poincare.168-119-193-199.plesk.page\/en\/wp-json\/wp\/v2\/media\/90937"}],"wp:attachment":[{"href":"https:\/\/relaxed-poincare.168-119-193-199.plesk.page\/en\/wp-json\/wp\/v2\/media?parent=90885"}],"wp:term":[{"taxonomy":"product_brand","embeddable":true,"href":"https:\/\/relaxed-poincare.168-119-193-199.plesk.page\/en\/wp-json\/wp\/v2\/product_brand?post=90885"},{"taxonomy":"product_cat","embeddable":true,"href":"https:\/\/relaxed-poincare.168-119-193-199.plesk.page\/en\/wp-json\/wp\/v2\/product_cat?post=90885"},{"taxonomy":"product_tag","embeddable":true,"href":"https:\/\/relaxed-poincare.168-119-193-199.plesk.page\/en\/wp-json\/wp\/v2\/product_tag?post=90885"}],"curies":[{"name":"wp","href":"https:\/\/api.w.org\/{rel}","templated":true}]}}