{"id":90921,"date":"2026-04-17T01:03:56","date_gmt":"2026-04-17T00:03:56","guid":{"rendered":"https:\/\/relaxed-poincare.168-119-193-199.plesk.page\/?post_type=product&#038;p=90921"},"modified":"2026-04-17T01:04:24","modified_gmt":"2026-04-17T00:04:24","slug":"crema-corporal-revitalizante-con-aloe-vera-y-sales-del-mar-muerto","status":"publish","type":"product","link":"https:\/\/relaxed-poincare.168-119-193-199.plesk.page\/en\/productos\/crema-corporal-revitalizante-con-aloe-vera-y-sales-del-mar-muerto\/","title":{"rendered":"Crema corporal revitalizante con aloe vera y sales del mar muerto"},"content":{"rendered":"<p><strong>Modo de uso:<\/strong> Aplicar el producto diariamente realizando un suave masaje hasta su total absorci\u00f3n.<\/p>\n","protected":false},"excerpt":{"rendered":"<p class=\"p1\">Alto contenido en col\u00e1geno, vitaminas y oligoelementos. Hidrata profundamente y regenera la piel, aport\u00e1ndole elasticidad. Apta para piel seca con tendencia a la descamaci\u00f3n.<\/p>\n<p>ref. 50400 | 250 ml e 8,4 Fl. Oz.<\/p>\n","protected":false},"featured_media":0,"comment_status":"open","ping_status":"closed","template":"","meta":{"_gspb_post_css":""},"product_brand":[],"product_cat":[227,105],"product_tag":[76],"class_list":{"0":"post-90921","1":"product","2":"type-product","3":"status-publish","5":"product_cat-dead-sea","6":"product_cat-productos","7":"product_tag-dead-sea","9":"first","10":"instock","11":"taxable","12":"shipping-taxable","13":"purchasable","14":"product-type-simple"},"ct_brands":[],"_links":{"self":[{"href":"https:\/\/relaxed-poincare.168-119-193-199.plesk.page\/en\/wp-json\/wp\/v2\/product\/90921","targetHints":{"allow":["GET"]}}],"collection":[{"href":"https:\/\/relaxed-poincare.168-119-193-199.plesk.page\/en\/wp-json\/wp\/v2\/product"}],"about":[{"href":"https:\/\/relaxed-poincare.168-119-193-199.plesk.page\/en\/wp-json\/wp\/v2\/types\/product"}],"replies":[{"embeddable":true,"href":"https:\/\/relaxed-poincare.168-119-193-199.plesk.page\/en\/wp-json\/wp\/v2\/comments?post=90921"}],"wp:attachment":[{"href":"https:\/\/relaxed-poincare.168-119-193-199.plesk.page\/en\/wp-json\/wp\/v2\/media?parent=90921"}],"wp:term":[{"taxonomy":"product_brand","embeddable":true,"href":"https:\/\/relaxed-poincare.168-119-193-199.plesk.page\/en\/wp-json\/wp\/v2\/product_brand?post=90921"},{"taxonomy":"product_cat","embeddable":true,"href":"https:\/\/relaxed-poincare.168-119-193-199.plesk.page\/en\/wp-json\/wp\/v2\/product_cat?post=90921"},{"taxonomy":"product_tag","embeddable":true,"href":"https:\/\/relaxed-poincare.168-119-193-199.plesk.page\/en\/wp-json\/wp\/v2\/product_tag?post=90921"}],"curies":[{"name":"wp","href":"https:\/\/api.w.org\/{rel}","templated":true}]}}