{"id":90945,"date":"2026-04-17T01:04:18","date_gmt":"2026-04-17T00:04:18","guid":{"rendered":"https:\/\/relaxed-poincare.168-119-193-199.plesk.page\/?post_type=product&#038;p=90945"},"modified":"2026-04-17T01:20:26","modified_gmt":"2026-04-17T00:20:26","slug":"gel-hidroalcoholico-para-manos-con-aloe-vera","status":"publish","type":"product","link":"https:\/\/relaxed-poincare.168-119-193-199.plesk.page\/en\/productos\/gel-hidroalcoholico-para-manos-con-aloe-vera\/","title":{"rendered":"Gel hidroalcoh\u00f3lico para manos con Aloe Vera"},"content":{"rendered":"<p><strong>Modo de Uso:<\/strong> Aplicar en manos o zona a tratar. No necesita jab\u00f3n ni agua. Sin aclarado.<\/p>\n","protected":false},"excerpt":{"rendered":"<p>Geles hidroalcoh\u00f3lico para la limpieza de manos, con propiedades cosm\u00e9ticas, ideales para ni\u00f1os y adultos. Alta concentraci\u00f3n de glicerina y Aloe Vera para mantener la piel hidratada y protegida. Contiene un 80% de alcohol.<\/p>\n<p>Diferentes aromas.<\/p>\n","protected":false},"featured_media":90969,"comment_status":"open","ping_status":"closed","template":"","meta":{"_gspb_post_css":""},"product_brand":[],"product_cat":[222,589,105],"product_tag":[91],"class_list":{"0":"post-90945","1":"product","2":"type-product","3":"status-publish","4":"has-post-thumbnail","6":"product_cat-aloe-protect","7":"product_cat-black-week","8":"product_cat-productos","9":"product_tag-aloe-protect","11":"first","12":"instock","13":"taxable","14":"shipping-taxable","15":"purchasable","16":"product-type-variable"},"ct_brands":[],"_links":{"self":[{"href":"https:\/\/relaxed-poincare.168-119-193-199.plesk.page\/en\/wp-json\/wp\/v2\/product\/90945","targetHints":{"allow":["GET"]}}],"collection":[{"href":"https:\/\/relaxed-poincare.168-119-193-199.plesk.page\/en\/wp-json\/wp\/v2\/product"}],"about":[{"href":"https:\/\/relaxed-poincare.168-119-193-199.plesk.page\/en\/wp-json\/wp\/v2\/types\/product"}],"replies":[{"embeddable":true,"href":"https:\/\/relaxed-poincare.168-119-193-199.plesk.page\/en\/wp-json\/wp\/v2\/comments?post=90945"}],"wp:featuredmedia":[{"embeddable":true,"href":"https:\/\/relaxed-poincare.168-119-193-199.plesk.page\/en\/wp-json\/wp\/v2\/media\/90969"}],"wp:attachment":[{"href":"https:\/\/relaxed-poincare.168-119-193-199.plesk.page\/en\/wp-json\/wp\/v2\/media?parent=90945"}],"wp:term":[{"taxonomy":"product_brand","embeddable":true,"href":"https:\/\/relaxed-poincare.168-119-193-199.plesk.page\/en\/wp-json\/wp\/v2\/product_brand?post=90945"},{"taxonomy":"product_cat","embeddable":true,"href":"https:\/\/relaxed-poincare.168-119-193-199.plesk.page\/en\/wp-json\/wp\/v2\/product_cat?post=90945"},{"taxonomy":"product_tag","embeddable":true,"href":"https:\/\/relaxed-poincare.168-119-193-199.plesk.page\/en\/wp-json\/wp\/v2\/product_tag?post=90945"}],"curies":[{"name":"wp","href":"https:\/\/api.w.org\/{rel}","templated":true}]}}