{"id":90955,"date":"2026-04-17T01:04:18","date_gmt":"2026-04-17T00:04:18","guid":{"rendered":"https:\/\/relaxed-poincare.168-119-193-199.plesk.page\/?post_type=product&#038;p=90955"},"modified":"2026-04-17T01:20:26","modified_gmt":"2026-04-17T00:20:26","slug":"pere-marve-gel-aloe-vera-100-cultivo-ecologico-canario","status":"publish","type":"product","link":"https:\/\/relaxed-poincare.168-119-193-199.plesk.page\/en\/productos\/pere-marve-gel-aloe-vera-100-cultivo-ecologico-canario\/","title":{"rendered":"Pere marve gel aloe vera 100% cultivo ecol\u00f3gico canario"},"content":{"rendered":"<p><iframe loading=\"lazy\" title=\"YouTube video player\" src=\"https:\/\/www.youtube.com\/embed\/7SL-5l9DWAQ\" width=\"560\" height=\"315\" frameborder=\"0\" allowfullscreen=\"allowfullscreen\"><\/iframe><\/p>\n","protected":false},"excerpt":{"rendered":"<p>Este gel aloe vera 100%, ha sido elaborado con zumo y pulpa seleccionados de la mejor calidad y gelificado para conseguir la mayor acci\u00f3n de tratamiento y absorci\u00f3n cosm\u00e9tica. Contiene vitaminas a\u00f1adidas A y E, y provitamina B5.<\/p>\n<p><strong>Modo de uso:<\/strong> Aplicar en la zona a tratar con un suave masaje, tantas veces como se considere necesario.<\/p>\n","protected":false},"featured_media":90977,"comment_status":"open","ping_status":"closed","template":"","meta":{"_gspb_post_css":""},"product_brand":[],"product_cat":[589,167,105],"product_tag":[102],"class_list":{"0":"post-90955","1":"product","2":"type-product","3":"status-publish","4":"has-post-thumbnail","6":"product_cat-black-week","7":"product_cat-cosmo-aloe","8":"product_cat-productos","9":"product_tag-cosmo-aloe","11":"first","12":"instock","13":"taxable","14":"shipping-taxable","15":"purchasable","16":"product-type-variable"},"ct_brands":[],"_links":{"self":[{"href":"https:\/\/relaxed-poincare.168-119-193-199.plesk.page\/en\/wp-json\/wp\/v2\/product\/90955","targetHints":{"allow":["GET"]}}],"collection":[{"href":"https:\/\/relaxed-poincare.168-119-193-199.plesk.page\/en\/wp-json\/wp\/v2\/product"}],"about":[{"href":"https:\/\/relaxed-poincare.168-119-193-199.plesk.page\/en\/wp-json\/wp\/v2\/types\/product"}],"replies":[{"embeddable":true,"href":"https:\/\/relaxed-poincare.168-119-193-199.plesk.page\/en\/wp-json\/wp\/v2\/comments?post=90955"}],"wp:featuredmedia":[{"embeddable":true,"href":"https:\/\/relaxed-poincare.168-119-193-199.plesk.page\/en\/wp-json\/wp\/v2\/media\/90977"}],"wp:attachment":[{"href":"https:\/\/relaxed-poincare.168-119-193-199.plesk.page\/en\/wp-json\/wp\/v2\/media?parent=90955"}],"wp:term":[{"taxonomy":"product_brand","embeddable":true,"href":"https:\/\/relaxed-poincare.168-119-193-199.plesk.page\/en\/wp-json\/wp\/v2\/product_brand?post=90955"},{"taxonomy":"product_cat","embeddable":true,"href":"https:\/\/relaxed-poincare.168-119-193-199.plesk.page\/en\/wp-json\/wp\/v2\/product_cat?post=90955"},{"taxonomy":"product_tag","embeddable":true,"href":"https:\/\/relaxed-poincare.168-119-193-199.plesk.page\/en\/wp-json\/wp\/v2\/product_tag?post=90955"}],"curies":[{"name":"wp","href":"https:\/\/api.w.org\/{rel}","templated":true}]}}