{"id":90989,"date":"2026-04-17T01:04:38","date_gmt":"2026-04-17T00:04:38","guid":{"rendered":"https:\/\/relaxed-poincare.168-119-193-199.plesk.page\/?post_type=product&#038;p=90989"},"modified":"2026-04-17T01:04:41","modified_gmt":"2026-04-17T00:04:41","slug":"pack-extratensor-con-activos-de-veneno-de-cobra-real","status":"publish","type":"product","link":"https:\/\/relaxed-poincare.168-119-193-199.plesk.page\/en\/productos\/pack-extratensor-con-activos-de-veneno-de-cobra-real\/","title":{"rendered":"Pack extratensor con activos de veneno de cobra real"},"content":{"rendered":"","protected":false},"excerpt":{"rendered":"<p class=\"p1\">Formulaci\u00f3n rica en Aloe Vera y vitaminas, as\u00ed como en oligop\u00e9ptidos y oligoelementos, con elevada concentraci\u00f3n de activos presentes en el veneno de cobra real. Su efecto tensor inmediato y duradero, reduce eficazmente las arrugas y l\u00edneas de expresi\u00f3n. Asimismo, recupera la firmeza, elasticidad y finura de la piel.<\/p>\n<p><strong>Modo de Uso:<\/strong> Aplicar por la ma\u00f1ana, primero el serum y luego la crema. Distribuir de modo uniforme por cara, cuello y escote, hasta su total absorci\u00f3n.<\/p>\n<p class=\"product_title entry-title\"><a href=\"https:\/\/www.cosmonatura.shop\/serum-extratensor-con-activos-de-veneno-de-cobra\/\"><span style=\"color: #ff6600;\">S\u00e9rum extratensor con activos de Veneno de Cobra<\/span><\/a> ref. 170190 | 30 ml e 1 Fl. Oz.<\/p>\n<p class=\"product_title entry-title\"><a href=\"https:\/\/www.cosmonatura.shop\/crema-extratensora-con-activos-de-veneno-de-cobra\/\"><span style=\"color: #ff6600;\">Crema Extratensora con activos de Veneno de Cobra<\/span><\/a> ref. 170180 | 100 ml e 3,4 Fl. Oz.<\/p>\n","protected":false},"featured_media":91009,"comment_status":"open","ping_status":"closed","template":"","meta":{"_gspb_post_css":""},"product_brand":[591],"product_cat":[94,64,105],"product_tag":[103,498],"class_list":{"0":"post-90989","1":"product","2":"type-product","3":"status-publish","4":"has-post-thumbnail","6":"product_brand-cosmo-treatment","7":"product_cat-cosmo-treatment","8":"product_cat-packs","9":"product_cat-productos","10":"product_tag-cosmo-treatment","11":"product_tag-packs","13":"first","14":"instock","15":"taxable","16":"shipping-taxable","17":"purchasable","18":"product-type-simple"},"ct_brands":[{"id":591,"name":"cosmo treatment","slug":"cosmo-treatment"}],"_links":{"self":[{"href":"https:\/\/relaxed-poincare.168-119-193-199.plesk.page\/en\/wp-json\/wp\/v2\/product\/90989","targetHints":{"allow":["GET"]}}],"collection":[{"href":"https:\/\/relaxed-poincare.168-119-193-199.plesk.page\/en\/wp-json\/wp\/v2\/product"}],"about":[{"href":"https:\/\/relaxed-poincare.168-119-193-199.plesk.page\/en\/wp-json\/wp\/v2\/types\/product"}],"replies":[{"embeddable":true,"href":"https:\/\/relaxed-poincare.168-119-193-199.plesk.page\/en\/wp-json\/wp\/v2\/comments?post=90989"}],"wp:featuredmedia":[{"embeddable":true,"href":"https:\/\/relaxed-poincare.168-119-193-199.plesk.page\/en\/wp-json\/wp\/v2\/media\/91009"}],"wp:attachment":[{"href":"https:\/\/relaxed-poincare.168-119-193-199.plesk.page\/en\/wp-json\/wp\/v2\/media?parent=90989"}],"wp:term":[{"taxonomy":"product_brand","embeddable":true,"href":"https:\/\/relaxed-poincare.168-119-193-199.plesk.page\/en\/wp-json\/wp\/v2\/product_brand?post=90989"},{"taxonomy":"product_cat","embeddable":true,"href":"https:\/\/relaxed-poincare.168-119-193-199.plesk.page\/en\/wp-json\/wp\/v2\/product_cat?post=90989"},{"taxonomy":"product_tag","embeddable":true,"href":"https:\/\/relaxed-poincare.168-119-193-199.plesk.page\/en\/wp-json\/wp\/v2\/product_tag?post=90989"}],"curies":[{"name":"wp","href":"https:\/\/api.w.org\/{rel}","templated":true}]}}