{"id":90990,"date":"2026-04-17T01:04:39","date_gmt":"2026-04-17T00:04:39","guid":{"rendered":"https:\/\/relaxed-poincare.168-119-193-199.plesk.page\/?post_type=product&#038;p=90990"},"modified":"2026-04-17T01:04:42","modified_gmt":"2026-04-17T00:04:42","slug":"pack-ultratensor-blue-scorpion","status":"publish","type":"product","link":"https:\/\/relaxed-poincare.168-119-193-199.plesk.page\/en\/productos\/pack-ultratensor-blue-scorpion\/","title":{"rendered":"Pack ultratensor. blue scorpion"},"content":{"rendered":"","protected":false},"excerpt":{"rendered":"<p class=\"p1\">Los activos de inmediato efecto tensor seleccionados del escorpi\u00f3n azul act\u00faan sobre arrugas y l\u00edneas de expresi\u00f3n. Contiene jugo de Aloe Vera de hojas frescas, hidratante y protector; col\u00e1geno, de acci\u00f3n regeneradora; y vitaminas A, C, E y B (B1, B2, B6), con propiedades antioxidantes. Su uso continuado contribuye a mejorar y recuperar la firmeza cut\u00e1nea.<\/p>\n<p><strong>Modo de Uso:<\/strong> Aplicar en rostro, cuello y escote con suave masaje hasta su total absorci\u00f3n, preferiblemente por la ma\u00f1ana. Usar primero el serum y despu\u00e9s la crema.<\/p>\n<p class=\"product_title entry-title\"><span style=\"color: #ff6600;\"><a style=\"color: #ff6600;\" href=\"https:\/\/www.cosmonatura.shop\/blue-scorpion-crema-facial-ultra-tensora\/\">Blue Scorpion Crema Facial Ultra Tensora<\/a><\/span> ref. 170680 | 100 ml e 3,4 Fl. Oz.<\/p>\n<p class=\"product_title entry-title\"><a href=\"https:\/\/www.cosmonatura.shop\/blue-scorpion-essence-serum-facial-ultra-tensor\/\"><span style=\"color: #ff6600;\">Blue Scorpion Essence S\u00e9rum Facial Ultra-Tensor<\/span><\/a> \u00a0ref. 170690 | 30 ml e 1 Fl. Oz.<\/p>\n<p class=\"price\">\n","protected":false},"featured_media":91010,"comment_status":"open","ping_status":"closed","template":"","meta":{"_gspb_post_css":""},"product_brand":[],"product_cat":[94,64,105],"product_tag":[103,498],"class_list":{"0":"post-90990","1":"product","2":"type-product","3":"status-publish","4":"has-post-thumbnail","6":"product_cat-cosmo-treatment","7":"product_cat-packs","8":"product_cat-productos","9":"product_tag-cosmo-treatment","10":"product_tag-packs","12":"first","13":"instock","14":"featured","15":"taxable","16":"shipping-taxable","17":"purchasable","18":"product-type-simple"},"ct_brands":[],"_links":{"self":[{"href":"https:\/\/relaxed-poincare.168-119-193-199.plesk.page\/en\/wp-json\/wp\/v2\/product\/90990","targetHints":{"allow":["GET"]}}],"collection":[{"href":"https:\/\/relaxed-poincare.168-119-193-199.plesk.page\/en\/wp-json\/wp\/v2\/product"}],"about":[{"href":"https:\/\/relaxed-poincare.168-119-193-199.plesk.page\/en\/wp-json\/wp\/v2\/types\/product"}],"replies":[{"embeddable":true,"href":"https:\/\/relaxed-poincare.168-119-193-199.plesk.page\/en\/wp-json\/wp\/v2\/comments?post=90990"}],"wp:featuredmedia":[{"embeddable":true,"href":"https:\/\/relaxed-poincare.168-119-193-199.plesk.page\/en\/wp-json\/wp\/v2\/media\/91010"}],"wp:attachment":[{"href":"https:\/\/relaxed-poincare.168-119-193-199.plesk.page\/en\/wp-json\/wp\/v2\/media?parent=90990"}],"wp:term":[{"taxonomy":"product_brand","embeddable":true,"href":"https:\/\/relaxed-poincare.168-119-193-199.plesk.page\/en\/wp-json\/wp\/v2\/product_brand?post=90990"},{"taxonomy":"product_cat","embeddable":true,"href":"https:\/\/relaxed-poincare.168-119-193-199.plesk.page\/en\/wp-json\/wp\/v2\/product_cat?post=90990"},{"taxonomy":"product_tag","embeddable":true,"href":"https:\/\/relaxed-poincare.168-119-193-199.plesk.page\/en\/wp-json\/wp\/v2\/product_tag?post=90990"}],"curies":[{"name":"wp","href":"https:\/\/api.w.org\/{rel}","templated":true}]}}