{"id":91003,"date":"2026-04-17T01:04:39","date_gmt":"2026-04-17T00:04:39","guid":{"rendered":"https:\/\/relaxed-poincare.168-119-193-199.plesk.page\/?post_type=product&#038;p=91003"},"modified":"2026-04-17T01:05:27","modified_gmt":"2026-04-17T00:05:27","slug":"esencias-naturales-aromas","status":"publish","type":"product","link":"https:\/\/relaxed-poincare.168-119-193-199.plesk.page\/en\/productos\/esencias-naturales-aromas\/","title":{"rendered":"Esencias Naturales (aromas)"},"content":{"rendered":"<p><strong>Modo de Uso:<\/strong> Dependiendo de la funci\u00f3n que se le quiera dar. Recomendamos quemadores de esencia y baritas de madera.<\/p>\n","protected":false},"excerpt":{"rendered":"<p>Al igual que el ambientador, otorga fragancia a habitaciones. Sin embargo, tambi\u00e9n sirve para mezclar con aceites de masajes, sin sobrepasar un 3% del total de la mezcla, o para a\u00f1adirle aroma al agua de ba\u00f1o.<\/p>\n<p>Tambi\u00e9n pueden usarse como aroma en la hora del ba\u00f1o o de fragancia en una estancia. En este caso, recomendamos usar quemadores de esencias o baritas de madera.<\/p>\n<p>Escoge la fragancia que prefieras en el desplegable y \u00a1disfruta!<\/p>\n","protected":false},"featured_media":91023,"comment_status":"open","ping_status":"closed","template":"","meta":{"_gspb_post_css":""},"product_brand":[],"product_cat":[99,105],"product_tag":[],"class_list":{"0":"post-91003","1":"product","2":"type-product","3":"status-publish","4":"has-post-thumbnail","6":"product_cat-cosmo-essence","7":"product_cat-productos","9":"first","10":"outofstock","11":"sale","12":"taxable","13":"shipping-taxable","14":"purchasable","15":"product-type-variable"},"ct_brands":[],"_links":{"self":[{"href":"https:\/\/relaxed-poincare.168-119-193-199.plesk.page\/en\/wp-json\/wp\/v2\/product\/91003","targetHints":{"allow":["GET"]}}],"collection":[{"href":"https:\/\/relaxed-poincare.168-119-193-199.plesk.page\/en\/wp-json\/wp\/v2\/product"}],"about":[{"href":"https:\/\/relaxed-poincare.168-119-193-199.plesk.page\/en\/wp-json\/wp\/v2\/types\/product"}],"replies":[{"embeddable":true,"href":"https:\/\/relaxed-poincare.168-119-193-199.plesk.page\/en\/wp-json\/wp\/v2\/comments?post=91003"}],"wp:featuredmedia":[{"embeddable":true,"href":"https:\/\/relaxed-poincare.168-119-193-199.plesk.page\/en\/wp-json\/wp\/v2\/media\/91023"}],"wp:attachment":[{"href":"https:\/\/relaxed-poincare.168-119-193-199.plesk.page\/en\/wp-json\/wp\/v2\/media?parent=91003"}],"wp:term":[{"taxonomy":"product_brand","embeddable":true,"href":"https:\/\/relaxed-poincare.168-119-193-199.plesk.page\/en\/wp-json\/wp\/v2\/product_brand?post=91003"},{"taxonomy":"product_cat","embeddable":true,"href":"https:\/\/relaxed-poincare.168-119-193-199.plesk.page\/en\/wp-json\/wp\/v2\/product_cat?post=91003"},{"taxonomy":"product_tag","embeddable":true,"href":"https:\/\/relaxed-poincare.168-119-193-199.plesk.page\/en\/wp-json\/wp\/v2\/product_tag?post=91003"}],"curies":[{"name":"wp","href":"https:\/\/api.w.org\/{rel}","templated":true}]}}