{"id":91049,"date":"2026-04-17T01:05:00","date_gmt":"2026-04-17T00:05:00","guid":{"rendered":"https:\/\/relaxed-poincare.168-119-193-199.plesk.page\/?post_type=product&#038;p=91049"},"modified":"2026-04-17T01:05:55","modified_gmt":"2026-04-17T00:05:55","slug":"mascarilla-capilar-2","status":"publish","type":"product","link":"https:\/\/relaxed-poincare.168-119-193-199.plesk.page\/en\/productos\/mascarilla-capilar-2\/","title":{"rendered":"Mascarilla capilar"},"content":{"rendered":"","protected":false},"excerpt":{"rendered":"<p class=\"p1\">Mascarilla y crema suavizante capilar. No altera el pH del manto \u00e1cido de la piel. Ideal para toda la familia.<\/p>\n<p><strong>Modo de uso:<\/strong> Utilizar despu\u00e9s de lavar el cabello, aplicar dej\u00e1ndolo un m\u00ednimo de cinco minutos, retirar con abundante agua. Dejando el cabello suave, brillante y sedoso.<\/p>\n<p class=\"p1\">ref. 30310 | 250 ml e 8,4 Fl. Oz.<\/p>\n","protected":false},"featured_media":91103,"comment_status":"open","ping_status":"closed","template":"","meta":{"_gspb_post_css":""},"product_brand":[],"product_cat":[333,105],"product_tag":[452],"class_list":{"0":"post-91049","1":"product","2":"type-product","3":"status-publish","4":"has-post-thumbnail","6":"product_cat-aloe-calendula","7":"product_cat-productos","8":"product_tag-aloe-calendula","10":"first","11":"instock","12":"taxable","13":"shipping-taxable","14":"purchasable","15":"product-type-simple"},"ct_brands":[],"_links":{"self":[{"href":"https:\/\/relaxed-poincare.168-119-193-199.plesk.page\/en\/wp-json\/wp\/v2\/product\/91049","targetHints":{"allow":["GET"]}}],"collection":[{"href":"https:\/\/relaxed-poincare.168-119-193-199.plesk.page\/en\/wp-json\/wp\/v2\/product"}],"about":[{"href":"https:\/\/relaxed-poincare.168-119-193-199.plesk.page\/en\/wp-json\/wp\/v2\/types\/product"}],"replies":[{"embeddable":true,"href":"https:\/\/relaxed-poincare.168-119-193-199.plesk.page\/en\/wp-json\/wp\/v2\/comments?post=91049"}],"wp:featuredmedia":[{"embeddable":true,"href":"https:\/\/relaxed-poincare.168-119-193-199.plesk.page\/en\/wp-json\/wp\/v2\/media\/91103"}],"wp:attachment":[{"href":"https:\/\/relaxed-poincare.168-119-193-199.plesk.page\/en\/wp-json\/wp\/v2\/media?parent=91049"}],"wp:term":[{"taxonomy":"product_brand","embeddable":true,"href":"https:\/\/relaxed-poincare.168-119-193-199.plesk.page\/en\/wp-json\/wp\/v2\/product_brand?post=91049"},{"taxonomy":"product_cat","embeddable":true,"href":"https:\/\/relaxed-poincare.168-119-193-199.plesk.page\/en\/wp-json\/wp\/v2\/product_cat?post=91049"},{"taxonomy":"product_tag","embeddable":true,"href":"https:\/\/relaxed-poincare.168-119-193-199.plesk.page\/en\/wp-json\/wp\/v2\/product_tag?post=91049"}],"curies":[{"name":"wp","href":"https:\/\/api.w.org\/{rel}","templated":true}]}}