{"id":91070,"date":"2026-04-17T01:05:28","date_gmt":"2026-04-17T00:05:28","guid":{"rendered":"https:\/\/relaxed-poincare.168-119-193-199.plesk.page\/?post_type=product&#038;p=91070"},"modified":"2026-04-17T01:06:14","modified_gmt":"2026-04-17T00:06:14","slug":"crema-corporal-revitalizante-con-argan-y-mango","status":"publish","type":"product","link":"https:\/\/relaxed-poincare.168-119-193-199.plesk.page\/en\/productos\/crema-corporal-revitalizante-con-argan-y-mango\/","title":{"rendered":"Crema corporal revitalizante con arg\u00e1n y mango"},"content":{"rendered":"","protected":false},"excerpt":{"rendered":"<p>Crema enriquecida con extracto de mango.<br \/>\nRicas en vitaminas A, C y E, Aloe Vera y arg\u00e1n de alto poder hidratante y protector. Calman, suavizan y revitalizan dejando un suave tacto y perfume en la piel. Indicado para pieles secas y sensibles.<\/p>\n<p><strong>Modo de uso:<\/strong> Aplicar sobre la zona a tratar con un suave masaje hasta su total absorci\u00f3n, preferiblemente despu\u00e9s de la ducha o ba\u00f1o diarios.<\/p>\n","protected":false},"featured_media":91111,"comment_status":"open","ping_status":"closed","template":"","meta":{"_gspb_post_css":""},"product_brand":[],"product_cat":[81,105],"product_tag":[74],"class_list":{"0":"post-91070","1":"product","2":"type-product","3":"status-publish","4":"has-post-thumbnail","6":"product_cat-argan-aloe","7":"product_cat-productos","8":"product_tag-aloe-argan","10":"first","11":"instock","12":"taxable","13":"shipping-taxable","14":"purchasable","15":"product-type-variable"},"ct_brands":[],"_links":{"self":[{"href":"https:\/\/relaxed-poincare.168-119-193-199.plesk.page\/en\/wp-json\/wp\/v2\/product\/91070","targetHints":{"allow":["GET"]}}],"collection":[{"href":"https:\/\/relaxed-poincare.168-119-193-199.plesk.page\/en\/wp-json\/wp\/v2\/product"}],"about":[{"href":"https:\/\/relaxed-poincare.168-119-193-199.plesk.page\/en\/wp-json\/wp\/v2\/types\/product"}],"replies":[{"embeddable":true,"href":"https:\/\/relaxed-poincare.168-119-193-199.plesk.page\/en\/wp-json\/wp\/v2\/comments?post=91070"}],"wp:featuredmedia":[{"embeddable":true,"href":"https:\/\/relaxed-poincare.168-119-193-199.plesk.page\/en\/wp-json\/wp\/v2\/media\/91111"}],"wp:attachment":[{"href":"https:\/\/relaxed-poincare.168-119-193-199.plesk.page\/en\/wp-json\/wp\/v2\/media?parent=91070"}],"wp:term":[{"taxonomy":"product_brand","embeddable":true,"href":"https:\/\/relaxed-poincare.168-119-193-199.plesk.page\/en\/wp-json\/wp\/v2\/product_brand?post=91070"},{"taxonomy":"product_cat","embeddable":true,"href":"https:\/\/relaxed-poincare.168-119-193-199.plesk.page\/en\/wp-json\/wp\/v2\/product_cat?post=91070"},{"taxonomy":"product_tag","embeddable":true,"href":"https:\/\/relaxed-poincare.168-119-193-199.plesk.page\/en\/wp-json\/wp\/v2\/product_tag?post=91070"}],"curies":[{"name":"wp","href":"https:\/\/api.w.org\/{rel}","templated":true}]}}