{"id":91096,"date":"2026-04-17T01:05:49","date_gmt":"2026-04-17T00:05:49","guid":{"rendered":"https:\/\/relaxed-poincare.168-119-193-199.plesk.page\/?post_type=product&#038;p=91096"},"modified":"2026-04-17T01:06:26","modified_gmt":"2026-04-17T00:06:26","slug":"gel-dermoregenerador-agave-azul-de-origen-mexico","status":"publish","type":"product","link":"https:\/\/relaxed-poincare.168-119-193-199.plesk.page\/en\/productos\/gel-dermoregenerador-agave-azul-de-origen-mexico\/","title":{"rendered":"Gel dermoregenerador \u00e1gave azul de origen M\u00e9xico"},"content":{"rendered":"<p>&nbsp;<\/p>\n<p>&nbsp;<\/p>\n","protected":false},"excerpt":{"rendered":"<p>El \u00c1gave Azul tiene propiedades regeneradoras, protectoras contra los radicales libres, emolientes, antiinflamatorias, purificadoras, frente al envejecimiento. Incrementa la s\u00edntesis del col\u00e1geno y estimula la producci\u00f3n del \u00e1cido hialur\u00f3nico, dando elasticidad y firmeza a la piel.<\/p>\n<p><strong>Modo de uso:<\/strong> Aplicar sobre la piel del cuerpo con un suave masaje hasta su total absorci\u00f3n.<\/p>\n<div class=\"woocommerce-variation-description\">\n<p>ref. 40130 | 100 ml e 3,4 Fl. Oz.<\/p>\n<\/div>\n<div class=\"woocommerce-variation-price\"><\/div>\n","protected":false},"featured_media":91141,"comment_status":"open","ping_status":"closed","template":"","meta":{"_gspb_post_css":""},"product_brand":[558],"product_cat":[588,100,105],"product_tag":[102],"class_list":{"0":"post-91096","1":"product","2":"type-product","3":"status-publish","4":"has-post-thumbnail","6":"product_brand-cosmo-basics","7":"product_cat-black-week","8":"product_cat-cosmo-basics","9":"product_cat-productos","10":"product_tag-cosmo-aloe","12":"first","13":"instock","14":"taxable","15":"shipping-taxable","16":"purchasable","17":"product-type-simple"},"ct_brands":[{"id":558,"name":"cosmo basics","slug":"cosmo-basics"}],"_links":{"self":[{"href":"https:\/\/relaxed-poincare.168-119-193-199.plesk.page\/en\/wp-json\/wp\/v2\/product\/91096","targetHints":{"allow":["GET"]}}],"collection":[{"href":"https:\/\/relaxed-poincare.168-119-193-199.plesk.page\/en\/wp-json\/wp\/v2\/product"}],"about":[{"href":"https:\/\/relaxed-poincare.168-119-193-199.plesk.page\/en\/wp-json\/wp\/v2\/types\/product"}],"replies":[{"embeddable":true,"href":"https:\/\/relaxed-poincare.168-119-193-199.plesk.page\/en\/wp-json\/wp\/v2\/comments?post=91096"}],"wp:featuredmedia":[{"embeddable":true,"href":"https:\/\/relaxed-poincare.168-119-193-199.plesk.page\/en\/wp-json\/wp\/v2\/media\/91141"}],"wp:attachment":[{"href":"https:\/\/relaxed-poincare.168-119-193-199.plesk.page\/en\/wp-json\/wp\/v2\/media?parent=91096"}],"wp:term":[{"taxonomy":"product_brand","embeddable":true,"href":"https:\/\/relaxed-poincare.168-119-193-199.plesk.page\/en\/wp-json\/wp\/v2\/product_brand?post=91096"},{"taxonomy":"product_cat","embeddable":true,"href":"https:\/\/relaxed-poincare.168-119-193-199.plesk.page\/en\/wp-json\/wp\/v2\/product_cat?post=91096"},{"taxonomy":"product_tag","embeddable":true,"href":"https:\/\/relaxed-poincare.168-119-193-199.plesk.page\/en\/wp-json\/wp\/v2\/product_tag?post=91096"}],"curies":[{"name":"wp","href":"https:\/\/api.w.org\/{rel}","templated":true}]}}