{"id":91123,"date":"2026-04-17T01:06:14","date_gmt":"2026-04-17T00:06:14","guid":{"rendered":"https:\/\/relaxed-poincare.168-119-193-199.plesk.page\/?post_type=product&#038;p=91123"},"modified":"2026-04-17T01:06:31","modified_gmt":"2026-04-17T00:06:31","slug":"spray-solar-fps-30","status":"publish","type":"product","link":"https:\/\/relaxed-poincare.168-119-193-199.plesk.page\/en\/productos\/spray-solar-fps-30\/","title":{"rendered":"Spray solar FPS 30"},"content":{"rendered":"<p>&nbsp;<\/p>\n<p>&nbsp;<\/p>\n","protected":false},"excerpt":{"rendered":"<p>C\u00f3modo y de r\u00e1pida absorci\u00f3n, con ligero aroma a melocot\u00f3n. Contribuye a adquirir un bonito bronceado a la vez que hidrata y protege la piel.<\/p>\n<p>FPS 30.<\/p>\n<p><strong>Modo de uso:<\/strong> Aplicar el producto distribuy\u00e9ndolo uniformemente sobre la piel 30 minutos antes de la exposici\u00f3n al sol y renovar la aplicaci\u00f3n cada 2 horas y despu\u00e9s de cada ba\u00f1o.<\/p>\n<p>ref. 90230 | 250 ml e 8,4 Fl. Oz.<\/p>\n","protected":false},"featured_media":91148,"comment_status":"open","ping_status":"closed","template":"","meta":{"_gspb_post_css":""},"product_brand":[],"product_cat":[98,105],"product_tag":[101],"class_list":{"0":"post-91123","1":"product","2":"type-product","3":"status-publish","4":"has-post-thumbnail","6":"product_cat-cosmo-summer","7":"product_cat-productos","8":"product_tag-cosmo-summer","10":"first","11":"instock","12":"taxable","13":"shipping-taxable","14":"purchasable","15":"product-type-simple"},"ct_brands":[],"_links":{"self":[{"href":"https:\/\/relaxed-poincare.168-119-193-199.plesk.page\/en\/wp-json\/wp\/v2\/product\/91123","targetHints":{"allow":["GET"]}}],"collection":[{"href":"https:\/\/relaxed-poincare.168-119-193-199.plesk.page\/en\/wp-json\/wp\/v2\/product"}],"about":[{"href":"https:\/\/relaxed-poincare.168-119-193-199.plesk.page\/en\/wp-json\/wp\/v2\/types\/product"}],"replies":[{"embeddable":true,"href":"https:\/\/relaxed-poincare.168-119-193-199.plesk.page\/en\/wp-json\/wp\/v2\/comments?post=91123"}],"wp:featuredmedia":[{"embeddable":true,"href":"https:\/\/relaxed-poincare.168-119-193-199.plesk.page\/en\/wp-json\/wp\/v2\/media\/91148"}],"wp:attachment":[{"href":"https:\/\/relaxed-poincare.168-119-193-199.plesk.page\/en\/wp-json\/wp\/v2\/media?parent=91123"}],"wp:term":[{"taxonomy":"product_brand","embeddable":true,"href":"https:\/\/relaxed-poincare.168-119-193-199.plesk.page\/en\/wp-json\/wp\/v2\/product_brand?post=91123"},{"taxonomy":"product_cat","embeddable":true,"href":"https:\/\/relaxed-poincare.168-119-193-199.plesk.page\/en\/wp-json\/wp\/v2\/product_cat?post=91123"},{"taxonomy":"product_tag","embeddable":true,"href":"https:\/\/relaxed-poincare.168-119-193-199.plesk.page\/en\/wp-json\/wp\/v2\/product_tag?post=91123"}],"curies":[{"name":"wp","href":"https:\/\/api.w.org\/{rel}","templated":true}]}}