{"id":91127,"date":"2026-04-17T01:06:15","date_gmt":"2026-04-17T00:06:15","guid":{"rendered":"https:\/\/relaxed-poincare.168-119-193-199.plesk.page\/?post_type=product&#038;p=91127"},"modified":"2026-04-17T01:20:46","modified_gmt":"2026-04-17T00:20:46","slug":"crema-facial-aloe-vera-y-tuno-canario-99-ingredientes-naturales","status":"publish","type":"product","link":"https:\/\/relaxed-poincare.168-119-193-199.plesk.page\/en\/productos\/crema-facial-aloe-vera-y-tuno-canario-99-ingredientes-naturales\/","title":{"rendered":"Crema facial aloe vera y tuno canario 99% ingredientes naturales"},"content":{"rendered":"","protected":false},"excerpt":{"rendered":"<p>Tratamiento facial para piel seca y sensible. Nutre la piel del rostro para atenuar arrugas y evitar la aparici\u00f3n de nuevas l\u00edneas de expresi\u00f3n.<\/p>\n<p><strong>Modo de uso:<\/strong> Aplicar diariamente, preferiblemente por la ma\u00f1ana, en cara, cuello y escote con suave masaje hasta su total absorci\u00f3n.<\/p>\n","protected":false},"featured_media":91166,"comment_status":"open","ping_status":"closed","template":"","meta":{"_gspb_post_css":""},"product_brand":[],"product_cat":[100,105],"product_tag":[107],"class_list":{"0":"post-91127","1":"product","2":"type-product","3":"status-publish","4":"has-post-thumbnail","6":"product_cat-cosmo-basics","7":"product_cat-productos","8":"product_tag-cosmo-basics","10":"first","11":"instock","12":"taxable","13":"shipping-taxable","14":"purchasable","15":"product-type-variable"},"ct_brands":[],"_links":{"self":[{"href":"https:\/\/relaxed-poincare.168-119-193-199.plesk.page\/en\/wp-json\/wp\/v2\/product\/91127","targetHints":{"allow":["GET"]}}],"collection":[{"href":"https:\/\/relaxed-poincare.168-119-193-199.plesk.page\/en\/wp-json\/wp\/v2\/product"}],"about":[{"href":"https:\/\/relaxed-poincare.168-119-193-199.plesk.page\/en\/wp-json\/wp\/v2\/types\/product"}],"replies":[{"embeddable":true,"href":"https:\/\/relaxed-poincare.168-119-193-199.plesk.page\/en\/wp-json\/wp\/v2\/comments?post=91127"}],"wp:featuredmedia":[{"embeddable":true,"href":"https:\/\/relaxed-poincare.168-119-193-199.plesk.page\/en\/wp-json\/wp\/v2\/media\/91166"}],"wp:attachment":[{"href":"https:\/\/relaxed-poincare.168-119-193-199.plesk.page\/en\/wp-json\/wp\/v2\/media?parent=91127"}],"wp:term":[{"taxonomy":"product_brand","embeddable":true,"href":"https:\/\/relaxed-poincare.168-119-193-199.plesk.page\/en\/wp-json\/wp\/v2\/product_brand?post=91127"},{"taxonomy":"product_cat","embeddable":true,"href":"https:\/\/relaxed-poincare.168-119-193-199.plesk.page\/en\/wp-json\/wp\/v2\/product_cat?post=91127"},{"taxonomy":"product_tag","embeddable":true,"href":"https:\/\/relaxed-poincare.168-119-193-199.plesk.page\/en\/wp-json\/wp\/v2\/product_tag?post=91127"}],"curies":[{"name":"wp","href":"https:\/\/api.w.org\/{rel}","templated":true}]}}