{"id":91131,"date":"2026-04-17T01:06:15","date_gmt":"2026-04-17T00:06:15","guid":{"rendered":"https:\/\/relaxed-poincare.168-119-193-199.plesk.page\/?post_type=product&#038;p=91131"},"modified":"2026-04-17T01:06:43","modified_gmt":"2026-04-17T00:06:43","slug":"jabon-hiperico","status":"publish","type":"product","link":"https:\/\/relaxed-poincare.168-119-193-199.plesk.page\/en\/productos\/jabon-hiperico\/","title":{"rendered":"Jab\u00f3n hip\u00e9rico"},"content":{"rendered":"<p><strong>Modo de uso:<\/strong> Frotar el jab\u00f3n entre las manos h\u00famedas, o en la piel de la zona que se desee, hasta crear una espuma cremosa.<br \/>\nFrotar suavemente y aclarar con abundante agua.<\/p>\n","protected":false},"excerpt":{"rendered":"<p>Jab\u00f3n suave indicado para todo tipo de pieles. Ayuda en la regeneraci\u00f3n de la piel. De propiedades antiinflamatorias y antis\u00e9pticas de la planta, por lo que es ideal para limpiar heridas.<\/p>\n<p>ref. 10784 | 90 ml e 3 Fl. Oz.<\/p>\n","protected":false},"featured_media":91171,"comment_status":"open","ping_status":"closed","template":"","meta":{"_gspb_post_css":""},"product_brand":[],"product_cat":[97,105],"product_tag":[],"class_list":{"0":"post-91131","1":"product","2":"type-product","3":"status-publish","4":"has-post-thumbnail","6":"product_cat-cosmo-purify","7":"product_cat-productos","9":"first","10":"instock","11":"taxable","12":"shipping-taxable","13":"purchasable","14":"product-type-simple"},"ct_brands":[],"_links":{"self":[{"href":"https:\/\/relaxed-poincare.168-119-193-199.plesk.page\/en\/wp-json\/wp\/v2\/product\/91131","targetHints":{"allow":["GET"]}}],"collection":[{"href":"https:\/\/relaxed-poincare.168-119-193-199.plesk.page\/en\/wp-json\/wp\/v2\/product"}],"about":[{"href":"https:\/\/relaxed-poincare.168-119-193-199.plesk.page\/en\/wp-json\/wp\/v2\/types\/product"}],"replies":[{"embeddable":true,"href":"https:\/\/relaxed-poincare.168-119-193-199.plesk.page\/en\/wp-json\/wp\/v2\/comments?post=91131"}],"wp:featuredmedia":[{"embeddable":true,"href":"https:\/\/relaxed-poincare.168-119-193-199.plesk.page\/en\/wp-json\/wp\/v2\/media\/91171"}],"wp:attachment":[{"href":"https:\/\/relaxed-poincare.168-119-193-199.plesk.page\/en\/wp-json\/wp\/v2\/media?parent=91131"}],"wp:term":[{"taxonomy":"product_brand","embeddable":true,"href":"https:\/\/relaxed-poincare.168-119-193-199.plesk.page\/en\/wp-json\/wp\/v2\/product_brand?post=91131"},{"taxonomy":"product_cat","embeddable":true,"href":"https:\/\/relaxed-poincare.168-119-193-199.plesk.page\/en\/wp-json\/wp\/v2\/product_cat?post=91131"},{"taxonomy":"product_tag","embeddable":true,"href":"https:\/\/relaxed-poincare.168-119-193-199.plesk.page\/en\/wp-json\/wp\/v2\/product_tag?post=91131"}],"curies":[{"name":"wp","href":"https:\/\/api.w.org\/{rel}","templated":true}]}}