{"id":91133,"date":"2026-04-17T01:06:15","date_gmt":"2026-04-17T00:06:15","guid":{"rendered":"https:\/\/relaxed-poincare.168-119-193-199.plesk.page\/?post_type=product&#038;p=91133"},"modified":"2026-04-17T01:06:46","modified_gmt":"2026-04-17T00:06:46","slug":"crema-aloe-vera-y-arbol-de-te-anti-acne","status":"publish","type":"product","link":"https:\/\/relaxed-poincare.168-119-193-199.plesk.page\/en\/productos\/crema-aloe-vera-y-arbol-de-te-anti-acne\/","title":{"rendered":"Crema aloe vera y \u00e1rbol de t\u00e9 anti-acn\u00e9"},"content":{"rendered":"<p>&nbsp;<\/p>\n<p>&nbsp;<\/p>\n","protected":false},"excerpt":{"rendered":"<p>Ideal en el tratamiento de las pieles seborreicas y con problemas de acn\u00e9, gracias a la comprobada acci\u00f3n que el Aloe Vera y el aceite de \u00e1rbol del t\u00e9 ejercen sobre las gl\u00e1ndulas seb\u00e1ceas y sobre toda clase de impurezas cut\u00e1neas.<\/p>\n<p><strong>Modo de uso:<\/strong> Aplicar sobre la piel del rostro, cuello y escote con un suave masaje hasta su total absorci\u00f3n.<\/p>\n<p>ref. 200010 | 150 e 5,1 Fl. Oz.<\/p>\n","protected":false},"featured_media":91174,"comment_status":"open","ping_status":"closed","template":"","meta":{"_gspb_post_css":""},"product_brand":[558],"product_cat":[100,105],"product_tag":[],"class_list":{"0":"post-91133","1":"product","2":"type-product","3":"status-publish","4":"has-post-thumbnail","6":"product_brand-cosmo-basics","7":"product_cat-cosmo-basics","8":"product_cat-productos","10":"first","11":"instock","12":"taxable","13":"shipping-taxable","14":"purchasable","15":"product-type-simple"},"ct_brands":[{"id":558,"name":"cosmo basics","slug":"cosmo-basics"}],"_links":{"self":[{"href":"https:\/\/relaxed-poincare.168-119-193-199.plesk.page\/en\/wp-json\/wp\/v2\/product\/91133","targetHints":{"allow":["GET"]}}],"collection":[{"href":"https:\/\/relaxed-poincare.168-119-193-199.plesk.page\/en\/wp-json\/wp\/v2\/product"}],"about":[{"href":"https:\/\/relaxed-poincare.168-119-193-199.plesk.page\/en\/wp-json\/wp\/v2\/types\/product"}],"replies":[{"embeddable":true,"href":"https:\/\/relaxed-poincare.168-119-193-199.plesk.page\/en\/wp-json\/wp\/v2\/comments?post=91133"}],"wp:featuredmedia":[{"embeddable":true,"href":"https:\/\/relaxed-poincare.168-119-193-199.plesk.page\/en\/wp-json\/wp\/v2\/media\/91174"}],"wp:attachment":[{"href":"https:\/\/relaxed-poincare.168-119-193-199.plesk.page\/en\/wp-json\/wp\/v2\/media?parent=91133"}],"wp:term":[{"taxonomy":"product_brand","embeddable":true,"href":"https:\/\/relaxed-poincare.168-119-193-199.plesk.page\/en\/wp-json\/wp\/v2\/product_brand?post=91133"},{"taxonomy":"product_cat","embeddable":true,"href":"https:\/\/relaxed-poincare.168-119-193-199.plesk.page\/en\/wp-json\/wp\/v2\/product_cat?post=91133"},{"taxonomy":"product_tag","embeddable":true,"href":"https:\/\/relaxed-poincare.168-119-193-199.plesk.page\/en\/wp-json\/wp\/v2\/product_tag?post=91133"}],"curies":[{"name":"wp","href":"https:\/\/api.w.org\/{rel}","templated":true}]}}