{"id":91153,"date":"2026-04-17T01:06:37","date_gmt":"2026-04-17T00:06:37","guid":{"rendered":"https:\/\/relaxed-poincare.168-119-193-199.plesk.page\/?post_type=product&#038;p=91153"},"modified":"2026-04-17T01:06:47","modified_gmt":"2026-04-17T00:06:47","slug":"crema-aloe-vera-y-calendula-anti-irritante-y-calmante","status":"publish","type":"product","link":"https:\/\/relaxed-poincare.168-119-193-199.plesk.page\/en\/productos\/crema-aloe-vera-y-calendula-anti-irritante-y-calmante\/","title":{"rendered":"Crema aloe vera y cal\u00e9ndula anti-irritante y calmante"},"content":{"rendered":"<p><strong>Modo de uso:<\/strong> Aplicar sobre la piel del rostro, cuello y escote con un suave masaje hasta su total absorci\u00f3n.<\/p>\n","protected":false},"excerpt":{"rendered":"<p>Re\u00fane las propiedades emolientes, lenitivas, protectoras y refrescantes del Aloe Vera y de la cal\u00e9ndula. Es ideal para pieles da\u00f1adas, irritadas o faltas de respuesta inmunol\u00f3gica.<\/p>\n<p><strong>Modo de uso:<\/strong> Aplicar sobre la piel del rostro, cuello y escote con un suave masaje hasta su total absorci\u00f3n.<\/p>\n<p>ref. 200020 | 150 ml e 5,1 Fl. Oz.<\/p>\n","protected":false},"featured_media":91175,"comment_status":"open","ping_status":"closed","template":"","meta":{"_gspb_post_css":""},"product_brand":[],"product_cat":[100,105],"product_tag":[],"class_list":{"0":"post-91153","1":"product","2":"type-product","3":"status-publish","4":"has-post-thumbnail","6":"product_cat-cosmo-basics","7":"product_cat-productos","9":"first","10":"instock","11":"taxable","12":"shipping-taxable","13":"purchasable","14":"product-type-simple"},"ct_brands":[],"_links":{"self":[{"href":"https:\/\/relaxed-poincare.168-119-193-199.plesk.page\/en\/wp-json\/wp\/v2\/product\/91153","targetHints":{"allow":["GET"]}}],"collection":[{"href":"https:\/\/relaxed-poincare.168-119-193-199.plesk.page\/en\/wp-json\/wp\/v2\/product"}],"about":[{"href":"https:\/\/relaxed-poincare.168-119-193-199.plesk.page\/en\/wp-json\/wp\/v2\/types\/product"}],"replies":[{"embeddable":true,"href":"https:\/\/relaxed-poincare.168-119-193-199.plesk.page\/en\/wp-json\/wp\/v2\/comments?post=91153"}],"wp:featuredmedia":[{"embeddable":true,"href":"https:\/\/relaxed-poincare.168-119-193-199.plesk.page\/en\/wp-json\/wp\/v2\/media\/91175"}],"wp:attachment":[{"href":"https:\/\/relaxed-poincare.168-119-193-199.plesk.page\/en\/wp-json\/wp\/v2\/media?parent=91153"}],"wp:term":[{"taxonomy":"product_brand","embeddable":true,"href":"https:\/\/relaxed-poincare.168-119-193-199.plesk.page\/en\/wp-json\/wp\/v2\/product_brand?post=91153"},{"taxonomy":"product_cat","embeddable":true,"href":"https:\/\/relaxed-poincare.168-119-193-199.plesk.page\/en\/wp-json\/wp\/v2\/product_cat?post=91153"},{"taxonomy":"product_tag","embeddable":true,"href":"https:\/\/relaxed-poincare.168-119-193-199.plesk.page\/en\/wp-json\/wp\/v2\/product_tag?post=91153"}],"curies":[{"name":"wp","href":"https:\/\/api.w.org\/{rel}","templated":true}]}}