{"id":91156,"date":"2026-04-17T01:06:37","date_gmt":"2026-04-17T00:06:37","guid":{"rendered":"https:\/\/relaxed-poincare.168-119-193-199.plesk.page\/?post_type=product&#038;p=91156"},"modified":"2026-04-17T01:06:53","modified_gmt":"2026-04-17T00:06:53","slug":"gel-aloe-vera-elaborado-con-hojas-de-100-aloe-vera","status":"publish","type":"product","link":"https:\/\/relaxed-poincare.168-119-193-199.plesk.page\/en\/productos\/gel-aloe-vera-elaborado-con-hojas-de-100-aloe-vera\/","title":{"rendered":"Gel aloe vera elaborado con hojas de 100% aloe vera"},"content":{"rendered":"","protected":false},"excerpt":{"rendered":"<p>Este gel aloe vera 100%, ha sido elaborado con zumo y pulpa seleccionados de la mejor calidad y gelificado para conseguir la mayor acci\u00f3n de tratamiento y absorci\u00f3n cosm\u00e9tica.<\/p>\n<p>Contiene vitaminas a\u00f1adidas A y E, y provitamina B5.<\/p>\n<p><strong>Modo de uso:<\/strong> Aplicar en la zona a tratar con un suave masaje, tantas veces como se considere necesario.<\/p>\n<p>ref. 30131 | 250 ml e 8,4 Fl. Oz.<\/p>\n","protected":false},"featured_media":91179,"comment_status":"open","ping_status":"closed","template":"","meta":{"_gspb_post_css":""},"product_brand":[],"product_cat":[93,105],"product_tag":[],"class_list":{"0":"post-91156","1":"product","2":"type-product","3":"status-publish","4":"has-post-thumbnail","6":"product_cat-cosmo-aloe","7":"product_cat-productos","9":"first","10":"instock","11":"taxable","12":"shipping-taxable","13":"purchasable","14":"product-type-simple"},"ct_brands":[],"_links":{"self":[{"href":"https:\/\/relaxed-poincare.168-119-193-199.plesk.page\/en\/wp-json\/wp\/v2\/product\/91156","targetHints":{"allow":["GET"]}}],"collection":[{"href":"https:\/\/relaxed-poincare.168-119-193-199.plesk.page\/en\/wp-json\/wp\/v2\/product"}],"about":[{"href":"https:\/\/relaxed-poincare.168-119-193-199.plesk.page\/en\/wp-json\/wp\/v2\/types\/product"}],"replies":[{"embeddable":true,"href":"https:\/\/relaxed-poincare.168-119-193-199.plesk.page\/en\/wp-json\/wp\/v2\/comments?post=91156"}],"wp:featuredmedia":[{"embeddable":true,"href":"https:\/\/relaxed-poincare.168-119-193-199.plesk.page\/en\/wp-json\/wp\/v2\/media\/91179"}],"wp:attachment":[{"href":"https:\/\/relaxed-poincare.168-119-193-199.plesk.page\/en\/wp-json\/wp\/v2\/media?parent=91156"}],"wp:term":[{"taxonomy":"product_brand","embeddable":true,"href":"https:\/\/relaxed-poincare.168-119-193-199.plesk.page\/en\/wp-json\/wp\/v2\/product_brand?post=91156"},{"taxonomy":"product_cat","embeddable":true,"href":"https:\/\/relaxed-poincare.168-119-193-199.plesk.page\/en\/wp-json\/wp\/v2\/product_cat?post=91156"},{"taxonomy":"product_tag","embeddable":true,"href":"https:\/\/relaxed-poincare.168-119-193-199.plesk.page\/en\/wp-json\/wp\/v2\/product_tag?post=91156"}],"curies":[{"name":"wp","href":"https:\/\/api.w.org\/{rel}","templated":true}]}}