{"id":91158,"date":"2026-04-17T01:06:37","date_gmt":"2026-04-17T00:06:37","guid":{"rendered":"https:\/\/relaxed-poincare.168-119-193-199.plesk.page\/?post_type=product&#038;p=91158"},"modified":"2026-04-17T01:06:55","modified_gmt":"2026-04-17T00:06:55","slug":"agua-micelar","status":"publish","type":"product","link":"https:\/\/relaxed-poincare.168-119-193-199.plesk.page\/en\/productos\/agua-micelar\/","title":{"rendered":"Agua Micelar"},"content":{"rendered":"","protected":false},"excerpt":{"rendered":"<p class=\"selectable-text copyable-text x15bjb6t x1n2onr6\" dir=\"ltr\">Formulada con Agua Termal, Jugo de Aloe Vera, Glicerina, \u00c1cido Hylaur\u00f3nico, Hamamelis y Panthenol. Mantiene la piel limpia y reparada. Esta combinaci\u00f3n de ingredientes ofrece una limpieza suave, dejando la piel fresca y saludable.<\/p>\n<p dir=\"ltr\"><strong>Modo de uso:<\/strong> Aplicar diariamente, con suave masaje hasta su total absorci\u00f3n.<\/p>\n<p class=\"selectable-text copyable-text x15bjb6t x1n2onr6\" dir=\"ltr\"><span class=\"selectable-text copyable-text false\">ref. <\/span><span class=\"selectable-text copyable-text false\">293000 | 100<\/span><span class=\"selectable-text copyable-text false\"> ml e 3,4 Fl. Oz.<\/span><\/p>\n","protected":false},"featured_media":91181,"comment_status":"open","ping_status":"closed","template":"","meta":{"_gspb_post_css":""},"product_brand":[],"product_cat":[105,477],"product_tag":[],"class_list":{"0":"post-91158","1":"product","2":"type-product","3":"status-publish","4":"has-post-thumbnail","6":"product_cat-productos","7":"product_cat-skinsen","9":"first","10":"instock","11":"taxable","12":"shipping-taxable","13":"purchasable","14":"product-type-simple"},"ct_brands":[],"_links":{"self":[{"href":"https:\/\/relaxed-poincare.168-119-193-199.plesk.page\/en\/wp-json\/wp\/v2\/product\/91158","targetHints":{"allow":["GET"]}}],"collection":[{"href":"https:\/\/relaxed-poincare.168-119-193-199.plesk.page\/en\/wp-json\/wp\/v2\/product"}],"about":[{"href":"https:\/\/relaxed-poincare.168-119-193-199.plesk.page\/en\/wp-json\/wp\/v2\/types\/product"}],"replies":[{"embeddable":true,"href":"https:\/\/relaxed-poincare.168-119-193-199.plesk.page\/en\/wp-json\/wp\/v2\/comments?post=91158"}],"wp:featuredmedia":[{"embeddable":true,"href":"https:\/\/relaxed-poincare.168-119-193-199.plesk.page\/en\/wp-json\/wp\/v2\/media\/91181"}],"wp:attachment":[{"href":"https:\/\/relaxed-poincare.168-119-193-199.plesk.page\/en\/wp-json\/wp\/v2\/media?parent=91158"}],"wp:term":[{"taxonomy":"product_brand","embeddable":true,"href":"https:\/\/relaxed-poincare.168-119-193-199.plesk.page\/en\/wp-json\/wp\/v2\/product_brand?post=91158"},{"taxonomy":"product_cat","embeddable":true,"href":"https:\/\/relaxed-poincare.168-119-193-199.plesk.page\/en\/wp-json\/wp\/v2\/product_cat?post=91158"},{"taxonomy":"product_tag","embeddable":true,"href":"https:\/\/relaxed-poincare.168-119-193-199.plesk.page\/en\/wp-json\/wp\/v2\/product_tag?post=91158"}],"curies":[{"name":"wp","href":"https:\/\/api.w.org\/{rel}","templated":true}]}}