{"id":91188,"date":"2026-04-17T01:07:00","date_gmt":"2026-04-17T00:07:00","guid":{"rendered":"https:\/\/relaxed-poincare.168-119-193-199.plesk.page\/?post_type=product&#038;p=91188"},"modified":"2026-04-17T01:07:09","modified_gmt":"2026-04-17T00:07:09","slug":"sun-kissed-facial-serum","status":"publish","type":"product","link":"https:\/\/relaxed-poincare.168-119-193-199.plesk.page\/en\/productos\/sun-kissed-facial-serum\/","title":{"rendered":"Sun-kissed facial serum"},"content":{"rendered":"","protected":false},"excerpt":{"rendered":"<p>Un serum facial rico en componentes hidratantes con efecto brillante. Reaviva la piel aport\u00e1ndole tersura, hidrataci\u00f3n y esplendor.<\/p>\n<p><strong>Modo de uso:<\/strong> Aplicar una peque\u00f1a cantidad, preferiblemente sobre la piel h\u00fameda, realizando un suave masaje hasta su total absorci\u00f3n.<\/p>\n<p>ref. 282000 | 30 ml e 1 Fl. Oz.<\/p>\n","protected":false},"featured_media":91206,"comment_status":"open","ping_status":"closed","template":"","meta":{"_gspb_post_css":""},"product_brand":[522],"product_cat":[105,518],"product_tag":[525,533,506,534,526,527],"class_list":{"0":"post-91188","1":"product","2":"type-product","3":"status-publish","4":"has-post-thumbnail","6":"product_brand-therrys","7":"product_cat-productos","8":"product_cat-therrys-cosmetics","9":"product_tag-brillo","10":"product_tag-facial","11":"product_tag-serum","12":"product_tag-serum-facial","13":"product_tag-summer","14":"product_tag-verano","16":"first","17":"instock","18":"taxable","19":"shipping-taxable","20":"purchasable","21":"product-type-simple"},"ct_brands":[{"id":522,"name":"therry's","slug":"therrys"}],"_links":{"self":[{"href":"https:\/\/relaxed-poincare.168-119-193-199.plesk.page\/en\/wp-json\/wp\/v2\/product\/91188","targetHints":{"allow":["GET"]}}],"collection":[{"href":"https:\/\/relaxed-poincare.168-119-193-199.plesk.page\/en\/wp-json\/wp\/v2\/product"}],"about":[{"href":"https:\/\/relaxed-poincare.168-119-193-199.plesk.page\/en\/wp-json\/wp\/v2\/types\/product"}],"replies":[{"embeddable":true,"href":"https:\/\/relaxed-poincare.168-119-193-199.plesk.page\/en\/wp-json\/wp\/v2\/comments?post=91188"}],"wp:featuredmedia":[{"embeddable":true,"href":"https:\/\/relaxed-poincare.168-119-193-199.plesk.page\/en\/wp-json\/wp\/v2\/media\/91206"}],"wp:attachment":[{"href":"https:\/\/relaxed-poincare.168-119-193-199.plesk.page\/en\/wp-json\/wp\/v2\/media?parent=91188"}],"wp:term":[{"taxonomy":"product_brand","embeddable":true,"href":"https:\/\/relaxed-poincare.168-119-193-199.plesk.page\/en\/wp-json\/wp\/v2\/product_brand?post=91188"},{"taxonomy":"product_cat","embeddable":true,"href":"https:\/\/relaxed-poincare.168-119-193-199.plesk.page\/en\/wp-json\/wp\/v2\/product_cat?post=91188"},{"taxonomy":"product_tag","embeddable":true,"href":"https:\/\/relaxed-poincare.168-119-193-199.plesk.page\/en\/wp-json\/wp\/v2\/product_tag?post=91188"}],"curies":[{"name":"wp","href":"https:\/\/api.w.org\/{rel}","templated":true}]}}