{"id":91189,"date":"2026-04-17T01:07:00","date_gmt":"2026-04-17T00:07:00","guid":{"rendered":"https:\/\/relaxed-poincare.168-119-193-199.plesk.page\/?post_type=product&#038;p=91189"},"modified":"2026-04-17T01:07:10","modified_gmt":"2026-04-17T00:07:10","slug":"sun-kissed-body-mist","status":"publish","type":"product","link":"https:\/\/relaxed-poincare.168-119-193-199.plesk.page\/en\/productos\/sun-kissed-body-mist\/","title":{"rendered":"Sun-kissed body mist"},"content":{"rendered":"","protected":false},"excerpt":{"rendered":"<p>Una loci\u00f3n corporal con una f\u00f3rmula refrescante, ligera y de un aroma delicado.<\/p>\n<p><strong>Modo de uso:<\/strong> Para un efecto duradero, roc\u00ede sobre los puntos de pulso como mu\u00f1ecas, clav\u00edculas y parte interna de los codos, tantas veces como sea necesario.<\/p>\n<p>ref. 283000 | 100 ml e 3,4 Fl. Oz.<\/p>\n","protected":false},"featured_media":91207,"comment_status":"open","ping_status":"closed","template":"","meta":{"_gspb_post_css":""},"product_brand":[522],"product_cat":[105,518],"product_tag":[535,537,536,538,526,527],"class_list":{"0":"post-91189","1":"product","2":"type-product","3":"status-publish","4":"has-post-thumbnail","6":"product_brand-therrys","7":"product_cat-productos","8":"product_cat-therrys-cosmetics","9":"product_tag-body","10":"product_tag-body-mist","11":"product_tag-mist","12":"product_tag-refrescante","13":"product_tag-summer","14":"product_tag-verano","16":"first","17":"instock","18":"taxable","19":"shipping-taxable","20":"purchasable","21":"product-type-simple"},"ct_brands":[{"id":522,"name":"therry's","slug":"therrys"}],"_links":{"self":[{"href":"https:\/\/relaxed-poincare.168-119-193-199.plesk.page\/en\/wp-json\/wp\/v2\/product\/91189","targetHints":{"allow":["GET"]}}],"collection":[{"href":"https:\/\/relaxed-poincare.168-119-193-199.plesk.page\/en\/wp-json\/wp\/v2\/product"}],"about":[{"href":"https:\/\/relaxed-poincare.168-119-193-199.plesk.page\/en\/wp-json\/wp\/v2\/types\/product"}],"replies":[{"embeddable":true,"href":"https:\/\/relaxed-poincare.168-119-193-199.plesk.page\/en\/wp-json\/wp\/v2\/comments?post=91189"}],"wp:featuredmedia":[{"embeddable":true,"href":"https:\/\/relaxed-poincare.168-119-193-199.plesk.page\/en\/wp-json\/wp\/v2\/media\/91207"}],"wp:attachment":[{"href":"https:\/\/relaxed-poincare.168-119-193-199.plesk.page\/en\/wp-json\/wp\/v2\/media?parent=91189"}],"wp:term":[{"taxonomy":"product_brand","embeddable":true,"href":"https:\/\/relaxed-poincare.168-119-193-199.plesk.page\/en\/wp-json\/wp\/v2\/product_brand?post=91189"},{"taxonomy":"product_cat","embeddable":true,"href":"https:\/\/relaxed-poincare.168-119-193-199.plesk.page\/en\/wp-json\/wp\/v2\/product_cat?post=91189"},{"taxonomy":"product_tag","embeddable":true,"href":"https:\/\/relaxed-poincare.168-119-193-199.plesk.page\/en\/wp-json\/wp\/v2\/product_tag?post=91189"}],"curies":[{"name":"wp","href":"https:\/\/api.w.org\/{rel}","templated":true}]}}